{"id":666,"date":"2025-08-07T09:41:01","date_gmt":"2025-08-07T09:41:01","guid":{"rendered":"https:\/\/valbare.it\/?page_id=666"},"modified":"2025-09-10T17:35:00","modified_gmt":"2025-09-10T17:35:00","slug":"thank-you","status":"publish","type":"page","link":"https:\/\/valbare.it\/fr\/thank-you\/","title":{"rendered":"Thank you"},"content":{"rendered":"<section class=\"bde-section-666-100 bde-section\">\n  \n  \n\t\n\n\n\n<div class=\"section-container\"><\/div>\n<\/section><section class=\"bde-section-666-101 bde-section\">\n  \n  \n\t\n\n\n\n<div class=\"section-container\"><h2 class=\"bde-heading-666-103 bde-heading\">\nMerci de nous avoir \u00e9crit.\n<\/h2><div class=\"bde-text-666-102 bde-text\">\nVotre message est arriv\u00e9 jusqu\u2019\u00e0 nous \u2014 et cela a de l\u2019importance.<br>Ici, au milieu des collines, chaque mot m\u00e9rite son propre temps. Nous vous r\u00e9pondrons d\u00e8s que possible, avec attention et sans pr\u00e9cipitation.<br><br>En attendant, n\u2019h\u00e9sitez pas \u00e0 d\u00e9couvrir un peu plus notre univers sur le site ou \u00e0 nous suivre sur les r\u00e9seaux sociaux.<br>Peut-\u00eatre qu\u2019un jour, nous nous croiserons ici \u2014 autour d\u2019un verre de vin, d\u2019un repas partag\u00e9, et du silence apaisant de ces collines.\n<\/div><h3 class=\"bde-heading-666-104 bde-heading\">\n\u00c0 bient\u00f4t depuis Valbar\u00e8.<br><br>David & Monica\n<\/h3><\/div>\n<\/section>","protected":false},"excerpt":{"rendered":"<p>Grazie per averci scritto. Hai scelto di contattarci e per noi non \u00e8 un gesto scontato.Qui, tra le colline, ogni messaggio ha il suo tempo e il suo valore. Ti risponderemo il prima possibile, senza fretta, ma con la giusta attenzione.Nel frattempo, se ti va di scoprire un po\u2019 di pi\u00f9 su chi siamo e [&hellip;]<\/p>","protected":false},"author":2,"featured_media":0,"parent":0,"menu_order":0,"comment_status":"closed","ping_status":"closed","template":"","meta":{"_breakdance_hide_in_design_set":false,"_breakdance_tags":"","footnotes":""},"class_list":["post-666","page","type-page","status-publish","hentry"],"aioseo_notices":[],"_links":{"self":[{"href":"https:\/\/valbare.it\/fr\/wp-json\/wp\/v2\/pages\/666","targetHints":{"allow":["GET"]}}],"collection":[{"href":"https:\/\/valbare.it\/fr\/wp-json\/wp\/v2\/pages"}],"about":[{"href":"https:\/\/valbare.it\/fr\/wp-json\/wp\/v2\/types\/page"}],"author":[{"embeddable":true,"href":"https:\/\/valbare.it\/fr\/wp-json\/wp\/v2\/users\/2"}],"replies":[{"embeddable":true,"href":"https:\/\/valbare.it\/fr\/wp-json\/wp\/v2\/comments?post=666"}],"version-history":[{"count":3,"href":"https:\/\/valbare.it\/fr\/wp-json\/wp\/v2\/pages\/666\/revisions"}],"predecessor-version":[{"id":669,"href":"https:\/\/valbare.it\/fr\/wp-json\/wp\/v2\/pages\/666\/revisions\/669"}],"wp:attachment":[{"href":"https:\/\/valbare.it\/fr\/wp-json\/wp\/v2\/media?parent=666"}],"curies":[{"name":"wp","href":"https:\/\/api.w.org\/{rel}","templated":true}]}}