{"id":47,"date":"2025-06-04T05:44:05","date_gmt":"2025-06-04T05:44:05","guid":{"rendered":"https:\/\/valbare.it\/home-2\/"},"modified":"2025-09-10T17:27:52","modified_gmt":"2025-09-10T17:27:52","slug":"home","status":"publish","type":"page","link":"https:\/\/valbare.it\/fr\/","title":{"rendered":"Home"},"content":{"rendered":"<section class=\"bde-section-47-100 bde-section\">\n              \n  \n  \n\t\n  <div class=\"breakdance-swiper-wrapper section-background-slideshow\">\n    <div class=\"swiper\">\n      <!-- Additional required wrapper -->\n      <div class=\"swiper-wrapper\">\n        <!-- Slides -->\n                  <div class=\"swiper-slide\">\n            <div class=\"swiper-slide-item\" style=\"background-image: url(https:\/\/valbare.it\/wp-content\/uploads\/2025\/06\/valbare-banner-home-003.webp);\"><\/div>\n          <\/div>\n                  <div class=\"swiper-slide\">\n            <div class=\"swiper-slide-item\" style=\"background-image: url(https:\/\/valbare.it\/wp-content\/uploads\/2025\/07\/valbare-home_002a.webp);\"><\/div>\n          <\/div>\n                  <div class=\"swiper-slide\">\n            <div class=\"swiper-slide-item\" style=\"background-image: url(https:\/\/valbare.it\/wp-content\/uploads\/2025\/06\/valbare-home_003.webp);\"><\/div>\n          <\/div>\n                  <div class=\"swiper-slide\">\n            <div class=\"swiper-slide-item\" style=\"background-image: url(https:\/\/valbare.it\/wp-content\/uploads\/2025\/07\/valbare-home_004a.webp);\"><\/div>\n          <\/div>\n              <\/div>\n    <\/div>\n  <\/div>\n\n  <div class=\"section-background-overlay\"><\/div>\n\n\n<div class=\"section-container\"><h1 class=\"bde-heading-47-101 bde-heading\">\nUn havre secret, o\u00f9 la nature vous accueille \u00e0 bras ouverts.\n<\/h1><div class=\"bde-div-47-105 bde-div\">\n  \n  \n\t\n\n\n\n<div class=\"bde-text-47-106 bde-text\">\nFaites d\u00e9filer vers le bas\n<\/div><div class=\"bde-image-47-107 bde-image\">\n<figure class=\"breakdance-image breakdance-image--49\">\n\t<div class=\"breakdance-image-container\">\n\t\t<div class=\"breakdance-image-clip\"><img loading=\"lazy\" decoding=\"async\" class=\"breakdance-image-object\" src=\"https:\/\/breakdancelibrary.com\/hotel\/wp-content\/uploads\/sites\/34\/2023\/02\/arrow-down-black-white.png\" width=\"7\" height=\"61\" sizes=\"auto, (max-width: 7px) 100vw, 7px\"><\/div>\n\t<\/div><\/figure>\n\n<\/div>\n<\/div><\/div>\n<\/section><section class=\"bde-section-47-103 bde-section\">\n  \n  \n\t\n\n\n\n<div class=\"section-container\"><div class=\"bde-div-47-111 bde-div\">\n  \n  \n\t\n\n\n\n<div class=\"bde-div-47-112 bde-div\">\n  \n  \n\t\n\n\n\n<div class=\"bde-image-47-113 bde-image\">\n<figure class=\"breakdance-image breakdance-image--70\">\n\t<div class=\"breakdance-image-container\">\n\t\t<div class=\"breakdance-image-clip\"><img loading=\"lazy\" decoding=\"async\" class=\"breakdance-image-object\" src=\"https:\/\/valbare.it\/wp-content\/uploads\/2025\/06\/ristorante-piatto-001.webp\" width=\"559\" height=\"800\" srcset=\"https:\/\/valbare.it\/wp-content\/uploads\/2025\/06\/ristorante-piatto-001.webp 559w, https:\/\/valbare.it\/wp-content\/uploads\/2025\/06\/ristorante-piatto-001-210x300.webp 210w\" sizes=\"auto, (max-width: 559px) 100vw, 559px\"><\/div>\n\t<\/div><\/figure>\n\n<\/div><h2 class=\"bde-heading-47-114 bde-heading\">\nRestaurant\n<\/h2><div class=\"bde-text-47-115 bde-text\">\nDe la terre \u00e0 l\u2019assiette : une cuisine vivante, sinc\u00e8re et au fil des saisons.<br><br>\n<\/div><div class=\"bde-button-47-213 bde-button\">\n    \n                                    \n    \n    \n    \n    \n            \n                    \n            \n            \n\n    \n    \n    \n    \n    \n    <a class=\"breakdance-link button-atom button-atom--primary bde-button__button\" href=\"https:\/\/valbare.it\/fr\/ristorante\/\" target=\"_self\" data-type=\"url\"  >\n\n    \n        <span class=\"button-atom__text\">Jetez un \u0153il \u00e0 nos assiettes<\/span>\n\n        \n        \n                <\/a>\n\n    \n\n\n<\/div>\n<\/div><div class=\"bde-div-47-116 bde-div\">\n  \n  \n\t\n\n\n\n<div class=\"bde-image-47-117 bde-image\">\n<figure class=\"breakdance-image breakdance-image--67\">\n\t<div class=\"breakdance-image-container\">\n\t\t<div class=\"breakdance-image-clip\"><img loading=\"lazy\" decoding=\"async\" class=\"breakdance-image-object\" src=\"https:\/\/valbare.it\/wp-content\/uploads\/2025\/06\/camere-vista-001.webp\" width=\"1120\" height=\"1600\" srcset=\"https:\/\/valbare.it\/wp-content\/uploads\/2025\/06\/camere-vista-001.webp 1120w, https:\/\/valbare.it\/wp-content\/uploads\/2025\/06\/camere-vista-001-210x300.webp 210w, https:\/\/valbare.it\/wp-content\/uploads\/2025\/06\/camere-vista-001-717x1024.webp 717w, https:\/\/valbare.it\/wp-content\/uploads\/2025\/06\/camere-vista-001-768x1097.webp 768w, https:\/\/valbare.it\/wp-content\/uploads\/2025\/06\/camere-vista-001-1075x1536.webp 1075w\" sizes=\"auto, (max-width: 1120px) 100vw, 1120px\"><\/div>\n\t<\/div><\/figure>\n\n<\/div><h2 class=\"bde-heading-47-202 bde-heading\">\nLes chambres\n<\/h2><div class=\"bde-text-47-205 bde-text\">\nDormir dans le calme des collines, berc\u00e9 par la lumi\u00e8re et le silence.<br><br>\n<\/div><div class=\"bde-button-47-215 bde-button\">\n    \n                                    \n    \n    \n    \n    \n            \n                    \n            \n            \n\n    \n    \n    \n    \n    \n    <a class=\"breakdance-link button-atom button-atom--primary bde-button__button\" href=\"https:\/\/valbare.it\/fr\/camere\/\" target=\"_self\" data-type=\"url\"  >\n\n    \n        <span class=\"button-atom__text\">D\u00e9couvrez nos chambres<\/span>\n\n        \n        \n                <\/a>\n\n    \n\n\n<\/div>\n<\/div><div class=\"bde-div-47-120 bde-div\">\n  \n  \n\t\n\n\n\n<div class=\"bde-image-47-121 bde-image\">\n<figure class=\"breakdance-image breakdance-image--65\">\n\t<div class=\"breakdance-image-container\">\n\t\t<div class=\"breakdance-image-clip\"><img loading=\"lazy\" decoding=\"async\" class=\"breakdance-image-object\" src=\"https:\/\/valbare.it\/wp-content\/uploads\/2025\/06\/agriturismo-animali-002.webp\" width=\"1120\" height=\"1600\" srcset=\"https:\/\/valbare.it\/wp-content\/uploads\/2025\/06\/agriturismo-animali-002.webp 1120w, https:\/\/valbare.it\/wp-content\/uploads\/2025\/06\/agriturismo-animali-002-210x300.webp 210w, https:\/\/valbare.it\/wp-content\/uploads\/2025\/06\/agriturismo-animali-002-717x1024.webp 717w, https:\/\/valbare.it\/wp-content\/uploads\/2025\/06\/agriturismo-animali-002-768x1097.webp 768w, https:\/\/valbare.it\/wp-content\/uploads\/2025\/06\/agriturismo-animali-002-1075x1536.webp 1075w\" sizes=\"auto, (max-width: 1120px) 100vw, 1120px\"><\/div>\n\t<\/div><\/figure>\n\n<\/div><h2 class=\"bde-heading-47-203 bde-heading\">\nFerme\n<\/h2><div class=\"bde-text-47-204 bde-text\">\nHuit hectares de nature : cultiver, \u00e9lever, raconter la terre.\n<\/div><div class=\"bde-button-47-214 bde-button\">\n    \n                                    \n    \n    \n    \n    \n            \n                    \n            \n            \n\n    \n    \n    \n    \n    \n    <a class=\"breakdance-link button-atom button-atom--primary bde-button__button\" href=\"https:\/\/valbare.it\/fr\/azienda-agricola\/\" target=\"_self\" data-type=\"url\"  >\n\n    \n        <span class=\"button-atom__text\">En savoir plus<\/span>\n\n        \n        \n                <\/a>\n\n    \n\n\n<\/div>\n<\/div>\n<\/div><\/div>\n<\/section><section class=\"bde-section-47-209 bde-section\">\n  \n  \n\t\n\n\n\n<div class=\"section-container\"><div class=\"bde-columns-47-210 bde-columns\"><div class=\"bde-column-47-211 bde-column\">\n  \n  \n\t\n\n\n\n<h2 class=\"bde-heading-47-129 bde-heading\">\nMonica et David\n<\/h2><div class=\"bde-text-47-221 bde-text\">\nIls ont v\u00e9cu entre l\u2019Europe et l\u2019Asie, construit des maisons, r\u00e9colt\u00e9 des saveurs et des histoires, explor\u00e9 les liens entre alimentation, sant\u00e9 et harmonie.<br>Aujourd\u2019hui, ils ont choisi les collines de Fregona pour y enraciner leur vie \u2014 et vous accueillir avec une cuisine authentique, des chambres baign\u00e9es de lumi\u00e8re, et une terre qui parle d\u2019elle-m\u00eame.<br><br>Rien n\u2019est laiss\u00e9 au hasard \u00e0 ValBar\u00e8 : chaque geste refl\u00e8te leur histoire \u2014 et le monde qu\u2019ils ont travers\u00e9 pour en arriver l\u00e0.\n<\/div><a class=\"bde-container-link-47-222 bde-container-link breakdance-link\" href=\"https:\/\/valbare.it\/fr\/azienda-agricola\/\" target=\"_self\" data-type=\"url\">\n  \n  \n\t\n\n\n\n<div class=\"bde-text-47-223 bde-text\">\nD\u00e9couvrez Valbar\u00e8\n<\/div><div class=\"bde-icon-47-224 bde-icon\">\n\n    \n            <div class=\"bde-icon-icon breakdance-icon-atom\" >\n    \n                    <svg xmlns=\"http:\/\/www.w3.org\/2000\/svg\" width=\"63\" height=\"16\" viewbox=\"0 0 63 16\" fill=\"none\">\n<path opacity=\"0.88\" d=\"M62.7071 8.70711C63.0976 8.31658 63.0976 7.68342 62.7071 7.29289L56.3431 0.928932C55.9526 0.538408 55.3195 0.538408 54.9289 0.928932C54.5384 1.31946 54.5384 1.95262 54.9289 2.34315L60.5858 8L54.9289 13.6569C54.5384 14.0474 54.5384 14.6805 54.9289 15.0711C55.3195 15.4616 55.9526 15.4616 56.3431 15.0711L62.7071 8.70711ZM0 9H62V7H0V9Z\" fill=\"#384140\"\/>\n<\/svg>\n        \n        \n        \n            <\/div>\n    \n\n\n<\/div>\n\n<\/a>\n<\/div><div class=\"bde-column-47-212 bde-column\">\n  \n  \n\t\n\n\n\n<img decoding=\"async\" class=\"bde-image2-47-227 bde-image2\" src=\"https:\/\/valbare.it\/wp-content\/uploads\/2025\/06\/monica-e-david.jpg\" loading=\"lazy\" srcset=\"https:\/\/valbare.it\/wp-content\/uploads\/2025\/06\/monica-e-david.jpg 596w, https:\/\/valbare.it\/wp-content\/uploads\/2025\/06\/monica-e-david-225x300.jpg 225w\" sizes=\"(max-width: 596px) 100vw, 596px\">\n<\/div><\/div><\/div>\n<\/section><section class=\"bde-section-47-228 bde-section\">\n  \n  \n\t\n\n\n\n<div class=\"section-container\"><div class=\"bde-columns-47-229 bde-columns\"><div class=\"bde-column-47-230 bde-column\">\n  \n  \n\t\n\n\n\n<h2 class=\"bde-heading-47-232 bde-heading\">\n\u00c0 table <br>avec nous\n<\/h2><div class=\"bde-text-47-235 bde-text\">\nSaisons, r\u00e9cits et ingr\u00e9dients vrais : r\u00e9servez votre place \u00e0 ValBar\u00e8.\n<\/div><div class=\"bde-button-47-236 bde-button\">\n    \n                                    \n    \n    \n    \n    \n            \n                    \n            \n            \n\n    \n    \n    \n    \n    \n    <a class=\"breakdance-link button-atom button-atom--secondary bde-button__button\" href=\"https:\/\/valbare.it\/fr\/contatti-prenotazione-ristorante\/\" target=\"_self\" data-type=\"url\"  >\n\n    \n        <span class=\"button-atom__text\">R\u00e9server une table<\/span>\n\n        \n        \n                <\/a>\n\n    \n\n\n<\/div>\n<\/div><div class=\"bde-column-47-231 bde-column\">\n  \n  \n\t\n\n\n\n<h2 class=\"bde-heading-47-234 bde-heading\">\nUn sommeil<br>qui r\u00e9g\u00e9n\u00e8re\n<\/h2><div class=\"bde-text-47-233 bde-text\">\nSilence, nature et d\u00e9tails pens\u00e9s avec soin : d\u00e9couvrez nos chambres.\n<\/div><div class=\"bde-button-47-237 bde-button\">\n    \n                                    \n    \n    \n    \n    \n            \n                    \n            \n            \n\n    \n    \n    \n    \n    \n    <a class=\"breakdance-link button-atom button-atom--secondary bde-button__button\" href=\"https:\/\/valbare.it\/fr\/prenotazione-camere\/\" target=\"_self\" data-type=\"url\"  >\n\n    \n        <span class=\"button-atom__text\">R\u00e9server une chambre<\/span>\n\n        \n        \n                <\/a>\n\n    \n\n\n<\/div>\n<\/div><\/div><\/div>\n<\/section><section class=\"bde-section-47-206 bde-section\">\n  \n  \n\t\n\n\n\n<div class=\"section-container\"><div class=\"bde-google-map-47-207 bde-google-map\">\n\r\n<iframe width=\"100%\" height=\"100%\" style=\"border:0\" loading=\"lazy\" title=\"Map\" src=\"https:\/\/maps.google.com\/maps?q=ValBar%C3%A8%3Cbr%3E32%2C+Via+Case+Fossa%3Cbr%3E31010+Fregona&t=m&z=15&output=embed&iwloc=near\" allowfullscreen><\/iframe>\n\n<\/div><\/div>\n<\/section>","protected":false},"excerpt":{"rendered":"<p>Un angolo nascosto dove sentirsi accolti dalla natura. SCORRI VERSO IL BASSO Ristorante Dalla terra al piatto: scopri una cucina sincera, viva, stagionale. Guarda i nostri piatti Camere Dormire nella quiete delle colline, tra luce naturale e silenzi autentici. Visita le camere Fattoria Otto ettari di natura: coltiviamo, alleviamo, raccontiamo la terra. Scopri di pi\u00f9 [&hellip;]<\/p>","protected":false},"author":1,"featured_media":0,"parent":0,"menu_order":1,"comment_status":"closed","ping_status":"closed","template":"","meta":{"_breakdance_hide_in_design_set":false,"_breakdance_tags":"","footnotes":""},"class_list":["post-47","page","type-page","status-publish","hentry"],"aioseo_notices":[],"_links":{"self":[{"href":"https:\/\/valbare.it\/fr\/wp-json\/wp\/v2\/pages\/47","targetHints":{"allow":["GET"]}}],"collection":[{"href":"https:\/\/valbare.it\/fr\/wp-json\/wp\/v2\/pages"}],"about":[{"href":"https:\/\/valbare.it\/fr\/wp-json\/wp\/v2\/types\/page"}],"author":[{"embeddable":true,"href":"https:\/\/valbare.it\/fr\/wp-json\/wp\/v2\/users\/1"}],"replies":[{"embeddable":true,"href":"https:\/\/valbare.it\/fr\/wp-json\/wp\/v2\/comments?post=47"}],"version-history":[{"count":50,"href":"https:\/\/valbare.it\/fr\/wp-json\/wp\/v2\/pages\/47\/revisions"}],"predecessor-version":[{"id":690,"href":"https:\/\/valbare.it\/fr\/wp-json\/wp\/v2\/pages\/47\/revisions\/690"}],"wp:attachment":[{"href":"https:\/\/valbare.it\/fr\/wp-json\/wp\/v2\/media?parent=47"}],"curies":[{"name":"wp","href":"https:\/\/api.w.org\/{rel}","templated":true}]}}