{"id":437,"date":"2025-06-20T08:23:31","date_gmt":"2025-06-20T08:23:31","guid":{"rendered":"https:\/\/valbare.it\/?page_id=437"},"modified":"2025-07-15T12:44:02","modified_gmt":"2025-07-15T12:44:02","slug":"ulivo","status":"publish","type":"page","link":"https:\/\/valbare.it\/fr\/camere\/ulivo\/","title":{"rendered":"Ulivo"},"content":{"rendered":"<section class=\"bde-section-437-100 bde-section\">\n              \n  \n  \n\t\n\n  <div class=\"section-background-overlay\"><\/div>\n\n\n<div class=\"section-container\"><h1 class=\"bde-heading-437-101 bde-heading\">\nChambre Ulivo\n<\/h1><div class=\"bde-div-437-102 bde-div\">\n  \n  \n\t\n\n\n\n<div class=\"bde-text-437-103 bde-text\">\nFaites d\u00e9filer vers le bas\n<\/div><div class=\"bde-image-437-104 bde-image\">\n<figure class=\"breakdance-image breakdance-image--49\">\n\t<div class=\"breakdance-image-container\">\n\t\t<div class=\"breakdance-image-clip\"><img loading=\"lazy\" decoding=\"async\" class=\"breakdance-image-object\" src=\"https:\/\/breakdancelibrary.com\/hotel\/wp-content\/uploads\/sites\/34\/2023\/02\/arrow-down-black-white.png\" width=\"7\" height=\"61\" sizes=\"auto, (max-width: 7px) 100vw, 7px\"><\/div>\n\t<\/div><\/figure>\n\n<\/div>\n<\/div><\/div>\n<\/section><section class=\"bde-section-437-105 bde-section\">\n  \n  \n\t\n\n\n\n<div class=\"section-container\"><h2 class=\"bde-heading-437-106 bde-heading\">\nUne chambre spacieuse et chaleureuse, pens\u00e9e pour \u00eatre ensemble.\n<\/h2><div class=\"bde-columns-437-107 bde-columns\"><div class=\"bde-column-437-108 bde-column\">\n  \n  \n\t\n\n\n\n<div class=\"bde-image-437-109 bde-image\">\n<figure class=\"breakdance-image breakdance-image--118\">\n\t<div class=\"breakdance-image-container\">\n\t\t<div class=\"breakdance-image-clip\"><img loading=\"lazy\" decoding=\"async\" class=\"breakdance-image-object\" src=\"https:\/\/valbare.it\/wp-content\/uploads\/2025\/06\/camera-acacia-003.webp\" width=\"348\" height=\"464\" srcset=\"https:\/\/valbare.it\/wp-content\/uploads\/2025\/06\/camera-acacia-003.webp 348w, https:\/\/valbare.it\/wp-content\/uploads\/2025\/06\/camera-acacia-003-225x300.webp 225w\" sizes=\"auto, (max-width: 348px) 100vw, 348px\"><\/div>\n\t<\/div><\/figure>\n\n<\/div>\n<\/div><div class=\"bde-column-437-110 bde-column\">\n  \n  \n\t\n\n\n\n<div class=\"bde-text-437-111 bde-text\">\nChambre Ulivo\n<\/div><h2 class=\"bde-heading-437-112 bde-heading\">\nLe lieu id\u00e9al pour partager ce qui compte vraiment.\n<\/h2><div class=\"bde-text-437-113 bde-text\">\nUn espace vaste et baign\u00e9 de lumi\u00e8re, o\u00f9 chacun trouve sa place sans jamais perdre le lien avec les autres. <br><br>La chambre Ulivo peut accueillir jusqu'\u00e0 cinq personnes : familles, amis ou deux couples en qu\u00eate de calme et de nature. <br><br>Elle est \u00e9quip\u00e9e d\u2019un lit double et de deux lits simples, avec la possibilit\u00e9 d\u2019ajouter un cinqui\u00e8me couchage \u2014 pour que personne ne reste \u00e0 l\u2019\u00e9cart.\n<\/div>\n<\/div><\/div><div class=\"bde-div-437-114 bde-div\">\n  \n  \n\t\n\n\n\n<div class=\"bde-text-437-115 bde-text\">\nGalerie photos\n<\/div>\n<\/div><div class=\"bde-gallery-437-117 bde-gallery\">\n\n\n  \n\n\n\n\n\n\n\n\n\n\n<div class=\"ee-gallery ee-gallery--default ee-gallery--grid ee-gallery-- ee-gallery--lightbox ee-gallery-- ee-gallery--caption- ee-gallery--caption-none ee-gallery--ratio\">\n                  \n      <a class=\"ee-gallery-item ee-gallery-item--image ee-gallery-item--single\" href=\"https:\/\/valbare.it\/wp-content\/uploads\/2025\/06\/valbare-camere-ulivi_00005.png\"  data-sub-html=\"\" data-category=\"1\"                  data-lg-size=\"960-642\"\n\n      >\n        <figure class=\"ee-gallery-item-figure\">\n                        <img decoding=\"async\" class=\"breakdance-image-object\" src=\"https:\/\/valbare.it\/wp-content\/uploads\/2025\/06\/valbare-camere-ulivi_00005.png\" width=\"960\" height=\"642\" srcset=\"https:\/\/valbare.it\/wp-content\/uploads\/2025\/06\/valbare-camere-ulivi_00005.png 960w, https:\/\/valbare.it\/wp-content\/uploads\/2025\/06\/valbare-camere-ulivi_00005-300x201.png 300w, https:\/\/valbare.it\/wp-content\/uploads\/2025\/06\/valbare-camere-ulivi_00005-768x514.png 768w\" sizes=\"auto, (max-width: 960px) 100vw, 960px\" loading=\"lazy\">\n          \n                  <\/figure>\n      <\/a>\n\n                \n      <a class=\"ee-gallery-item ee-gallery-item--image ee-gallery-item--single\" href=\"https:\/\/valbare.it\/wp-content\/uploads\/2025\/06\/valbare-camere-ulivi_00002.png\"  data-sub-html=\"\" data-category=\"1\"                  data-lg-size=\"959-565\"\n\n      >\n        <figure class=\"ee-gallery-item-figure\">\n                        <img decoding=\"async\" class=\"breakdance-image-object\" src=\"https:\/\/valbare.it\/wp-content\/uploads\/2025\/06\/valbare-camere-ulivi_00002.png\" width=\"959\" height=\"565\" srcset=\"https:\/\/valbare.it\/wp-content\/uploads\/2025\/06\/valbare-camere-ulivi_00002.png 959w, https:\/\/valbare.it\/wp-content\/uploads\/2025\/06\/valbare-camere-ulivi_00002-300x177.png 300w, https:\/\/valbare.it\/wp-content\/uploads\/2025\/06\/valbare-camere-ulivi_00002-768x452.png 768w\" sizes=\"auto, (max-width: 959px) 100vw, 959px\" loading=\"lazy\">\n          \n                  <\/figure>\n      <\/a>\n\n                \n      <a class=\"ee-gallery-item ee-gallery-item--image ee-gallery-item--single\" href=\"https:\/\/valbare.it\/wp-content\/uploads\/2025\/06\/valbare-camere-ulivi_00001.png\"  data-sub-html=\"\" data-category=\"1\"                  data-lg-size=\"618-464\"\n\n      >\n        <figure class=\"ee-gallery-item-figure\">\n                        <img decoding=\"async\" class=\"breakdance-image-object\" src=\"https:\/\/valbare.it\/wp-content\/uploads\/2025\/06\/valbare-camere-ulivi_00001.png\" width=\"618\" height=\"464\" srcset=\"https:\/\/valbare.it\/wp-content\/uploads\/2025\/06\/valbare-camere-ulivi_00001.png 618w, https:\/\/valbare.it\/wp-content\/uploads\/2025\/06\/valbare-camere-ulivi_00001-300x225.png 300w\" sizes=\"auto, (max-width: 618px) 100vw, 618px\" loading=\"lazy\">\n          \n                  <\/figure>\n      <\/a>\n\n                \n      <a class=\"ee-gallery-item ee-gallery-item--image ee-gallery-item--single\" href=\"https:\/\/valbare.it\/wp-content\/uploads\/2025\/06\/valbare-camere-ulivi_00003.png\"  data-sub-html=\"\" data-category=\"1\"                  data-lg-size=\"257-420\"\n\n      >\n        <figure class=\"ee-gallery-item-figure\">\n                        <img decoding=\"async\" class=\"breakdance-image-object\" src=\"https:\/\/valbare.it\/wp-content\/uploads\/2025\/06\/valbare-camere-ulivi_00003.png\" width=\"257\" height=\"420\" srcset=\"https:\/\/valbare.it\/wp-content\/uploads\/2025\/06\/valbare-camere-ulivi_00003.png 257w, https:\/\/valbare.it\/wp-content\/uploads\/2025\/06\/valbare-camere-ulivi_00003-184x300.png 184w\" sizes=\"auto, (max-width: 257px) 100vw, 257px\" loading=\"lazy\">\n          \n                  <\/figure>\n      <\/a>\n\n        \n  <\/div>\n\n\n\n<\/div><\/div>\n<\/section><section class=\"bde-section-437-118 bde-section\">\n  \n  \n\t\n\n\n\n<div class=\"section-container\"><div class=\"bde-columns-437-119 bde-columns\"><div class=\"bde-column-437-120 bde-column\">\n  \n  \n\t\n\n\n\n<div class=\"bde-text-437-121 bde-text\">\nChambre Ulivo\n<\/div><h2 class=\"bde-heading-437-122 bde-heading\">\nQuels services sont inclus?\n<\/h2><div class=\"bde-text-437-123 bde-text\">\nChaque chambre est pens\u00e9e pour que vous vous sentiez bien, comme chez vous.\nDu Wi-Fi \u00e0 la climatisation, en passant par l\u2019acc\u00e8s \u00e0 la cuisine r\u00e9serv\u00e9e aux h\u00f4tes : tout est pr\u00e9vu pour que vous profitiez de votre s\u00e9jour en toute libert\u00e9.\n<\/div>\n<\/div><\/div><div class=\"bde-columns-437-124 bde-columns\"><div class=\"bde-column-437-125 bde-column\">\n  \n  \n\t\n\n\n\n<div class=\"bde-icon-box-437-126 bde-icon-box\">\n\n    \n            <div class=\"ee-iconbox-icon breakdance-icon-atom\" >\n    \n                    <svg xmlns=\"http:\/\/www.w3.org\/2000\/svg\" viewbox=\"0 0 640 512\"><!--! Font Awesome Free 6.5.1 by @fontawesome - https:\/\/fontawesome.com License - https:\/\/fontawesome.com\/license\/free (Icons: CC BY 4.0, Fonts: SIL OFL 1.1, Code: MIT License) Copyright 2023 Fonticons, Inc. --><path d=\"M54.2 202.9C123.2 136.7 216.8 96 320 96s196.8 40.7 265.8 106.9c12.8 12.2 33 11.8 45.2-.9s11.8-33-.9-45.2C549.7 79.5 440.4 32 320 32S90.3 79.5 9.8 156.7C-2.9 169-3.3 189.2 8.9 202s32.5 13.2 45.2 .9zM320 256c56.8 0 108.6 21.1 148.2 56c13.3 11.7 33.5 10.4 45.2-2.8s10.4-33.5-2.8-45.2C459.8 219.2 393 192 320 192s-139.8 27.2-190.5 72c-13.3 11.7-14.5 31.9-2.8 45.2s31.9 14.5 45.2 2.8c39.5-34.9 91.3-56 148.2-56zm64 160a64 64 0 1 0 -128 0 64 64 0 1 0 128 0z\"\/><\/svg>\n        \n        \n        \n            <\/div>\n    \n\n<div class=\"ee-iconbox-content\">\n      <p class=\"ee-iconbox-title bde-h3\" >WiFi<\/p>\n      <\/div>\n\n<\/div>\n<\/div><div class=\"bde-column-437-127 bde-column\">\n  \n  \n\t\n\n\n\n<div class=\"bde-icon-box-437-128 bde-icon-box\">\n\n    \n            <div class=\"ee-iconbox-icon breakdance-icon-atom\" >\n    \n                    <svg xmlns=\"http:\/\/www.w3.org\/2000\/svg\" viewbox=\"0 0 512 512\"><!--! Font Awesome Free 6.5.1 by @fontawesome - https:\/\/fontawesome.com License - https:\/\/fontawesome.com\/license\/free (Icons: CC BY 4.0, Fonts: SIL OFL 1.1, Code: MIT License) Copyright 2023 Fonticons, Inc. --><path d=\"M64 131.9C64 112.1 80.1 96 99.9 96c9.5 0 18.6 3.8 25.4 10.5l16.2 16.2c-21 38.9-17.4 87.5 10.9 123L151 247c-9.4 9.4-9.4 24.6 0 33.9s24.6 9.4 33.9 0L345 121c9.4-9.4 9.4-24.6 0-33.9s-24.6-9.4-33.9 0l-1.3 1.3c-35.5-28.3-84.2-31.9-123-10.9L170.5 61.3C151.8 42.5 126.4 32 99.9 32C44.7 32 0 76.7 0 131.9V448c0 17.7 14.3 32 32 32s32-14.3 32-32V131.9zM256 352a32 32 0 1 0 0-64 32 32 0 1 0 0 64zm64 64a32 32 0 1 0 -64 0 32 32 0 1 0 64 0zm0-128a32 32 0 1 0 0-64 32 32 0 1 0 0 64zm64 64a32 32 0 1 0 -64 0 32 32 0 1 0 64 0zm0-128a32 32 0 1 0 0-64 32 32 0 1 0 0 64zm64 64a32 32 0 1 0 -64 0 32 32 0 1 0 64 0zm32-32a32 32 0 1 0 0-64 32 32 0 1 0 0 64z\"\/><\/svg>\n        \n        \n        \n            <\/div>\n    \n\n<div class=\"ee-iconbox-content\">\n      <p class=\"ee-iconbox-title bde-h3\" >Douche<\/p>\n      <\/div>\n\n<\/div>\n<\/div><div class=\"bde-column-437-129 bde-column\">\n  \n  \n\t\n\n\n\n<div class=\"bde-icon-box-437-130 bde-icon-box\">\n\n    \n            <div class=\"ee-iconbox-icon breakdance-icon-atom\" >\n    \n                    <svg xmlns=\"http:\/\/www.w3.org\/2000\/svg\" viewbox=\"0 0 448 512\"><!--! Font Awesome Free 6.5.1 by @fontawesome - https:\/\/fontawesome.com License - https:\/\/fontawesome.com\/license\/free (Icons: CC BY 4.0, Fonts: SIL OFL 1.1, Code: MIT License) Copyright 2023 Fonticons, Inc. --><path d=\"M224 0c13.3 0 24 10.7 24 24V70.1l23-23c9.4-9.4 24.6-9.4 33.9 0s9.4 24.6 0 33.9l-57 57v76.5l66.2-38.2 20.9-77.8c3.4-12.8 16.6-20.4 29.4-17s20.4 16.6 17 29.4L373 142.2l37.1-21.4c11.5-6.6 26.2-2.7 32.8 8.8s2.7 26.2-8.8 32.8L397 183.8l31.5 8.4c12.8 3.4 20.4 16.6 17 29.4s-16.6 20.4-29.4 17l-77.8-20.9L272 256l66.2 38.2 77.8-20.9c12.8-3.4 26 4.2 29.4 17s-4.2 26-17 29.4L397 328.2l37.1 21.4c11.5 6.6 15.4 21.3 8.8 32.8s-21.3 15.4-32.8 8.8L373 369.8l8.4 31.5c3.4 12.8-4.2 26-17 29.4s-26-4.2-29.4-17l-20.9-77.8L248 297.6v76.5l57 57c9.4 9.4 9.4 24.6 0 33.9s-24.6 9.4-33.9 0l-23-23V488c0 13.3-10.7 24-24 24s-24-10.7-24-24V441.9l-23 23c-9.4 9.4-24.6 9.4-33.9 0s-9.4-24.6 0-33.9l57-57V297.6l-66.2 38.2-20.9 77.8c-3.4 12.8-16.6 20.4-29.4 17s-20.4-16.6-17-29.4L75 369.8 37.9 391.2c-11.5 6.6-26.2 2.7-32.8-8.8s-2.7-26.2 8.8-32.8L51 328.2l-31.5-8.4c-12.8-3.4-20.4-16.6-17-29.4s16.6-20.4 29.4-17l77.8 20.9L176 256l-66.2-38.2L31.9 238.6c-12.8 3.4-26-4.2-29.4-17s4.2-26 17-29.4L51 183.8 13.9 162.4c-11.5-6.6-15.4-21.3-8.8-32.8s21.3-15.4 32.8-8.8L75 142.2l-8.4-31.5c-3.4-12.8 4.2-26 17-29.4s26 4.2 29.4 17l20.9 77.8L200 214.4V137.9L143 81c-9.4-9.4-9.4-24.6 0-33.9s24.6-9.4 33.9 0l23 23V24c0-13.3 10.7-24 24-24z\"\/><\/svg>\n        \n        \n        \n            <\/div>\n    \n\n<div class=\"ee-iconbox-content\">\n      <p class=\"ee-iconbox-title bde-h3\" >Climatisation<\/p>\n      <\/div>\n\n<\/div>\n<\/div><\/div><div class=\"bde-columns-437-138 bde-columns\"><div class=\"bde-column-437-139 bde-column\">\n  \n  \n\t\n\n\n\n<div class=\"bde-icon-box-437-144 bde-icon-box\">\n\n    \n            <div class=\"ee-iconbox-icon breakdance-icon-atom\" >\n    \n                    <svg xmlns=\"http:\/\/www.w3.org\/2000\/svg\" viewbox=\"0 0 448 512\"><!--! Font Awesome Free 6.5.1 by @fontawesome - https:\/\/fontawesome.com License - https:\/\/fontawesome.com\/license\/free (Icons: CC BY 4.0, Fonts: SIL OFL 1.1, Code: MIT License) Copyright 2023 Fonticons, Inc. --><path d=\"M152 88a72 72 0 1 1 144 0A72 72 0 1 1 152 88zM39.7 144.5c13-17.9 38-21.8 55.9-8.8L131.8 162c26.8 19.5 59.1 30 92.2 30s65.4-10.5 92.2-30l36.2-26.4c17.9-13 42.9-9 55.9 8.8s9 42.9-8.8 55.9l-36.2 26.4c-13.6 9.9-28.1 18.2-43.3 25V288H128V251.7c-15.2-6.7-29.7-15.1-43.3-25L48.5 200.3c-17.9-13-21.8-38-8.8-55.9zm89.8 184.8l60.6 53-26 37.2 24.3 24.3c15.6 15.6 15.6 40.9 0 56.6s-40.9 15.6-56.6 0l-48-48C70 438.6 68.1 417 79.2 401.1l50.2-71.8zm128.5 53l60.6-53 50.2 71.8c11.1 15.9 9.2 37.5-4.5 51.2l-48 48c-15.6 15.6-40.9 15.6-56.6 0s-15.6-40.9 0-56.6L284 419.4l-26-37.2z\"\/><\/svg>\n        \n        \n        \n            <\/div>\n    \n\n<div class=\"ee-iconbox-content\">\n      <p class=\"ee-iconbox-title bde-h3\" >Convient aux enfants<\/p>\n      <\/div>\n\n<\/div>\n<\/div><div class=\"bde-column-437-141 bde-column\">\n  \n  \n\t\n\n\n\n<div class=\"bde-icon-box-437-142 bde-icon-box\">\n\n    \n            <div class=\"ee-iconbox-icon breakdance-icon-atom\" >\n    \n                    <svg xmlns=\"http:\/\/www.w3.org\/2000\/svg\" viewbox=\"0 0 576 512\"><!--! Font Awesome Free 6.5.1 by @fontawesome - https:\/\/fontawesome.com License - https:\/\/fontawesome.com\/license\/free (Icons: CC BY 4.0, Fonts: SIL OFL 1.1, Code: MIT License) Copyright 2023 Fonticons, Inc. --><path d=\"M240 144A96 96 0 1 0 48 144a96 96 0 1 0 192 0zm44.4 32C269.9 240.1 212.5 288 144 288C64.5 288 0 223.5 0 144S64.5 0 144 0c68.5 0 125.9 47.9 140.4 112h71.8c8.8-9.8 21.6-16 35.8-16H496c26.5 0 48 21.5 48 48s-21.5 48-48 48H392c-14.2 0-27-6.2-35.8-16H284.4zM144 80a64 64 0 1 1 0 128 64 64 0 1 1 0-128zM400 240c13.3 0 24 10.7 24 24v8h96c13.3 0 24 10.7 24 24s-10.7 24-24 24H280c-13.3 0-24-10.7-24-24s10.7-24 24-24h96v-8c0-13.3 10.7-24 24-24zM288 464V352H512V464c0 26.5-21.5 48-48 48H336c-26.5 0-48-21.5-48-48zM48 320h80 16 32c26.5 0 48 21.5 48 48s-21.5 48-48 48H160c0 17.7-14.3 32-32 32H64c-17.7 0-32-14.3-32-32V336c0-8.8 7.2-16 16-16zm128 64c8.8 0 16-7.2 16-16s-7.2-16-16-16H160v32h16zM24 464H200c13.3 0 24 10.7 24 24s-10.7 24-24 24H24c-13.3 0-24-10.7-24-24s10.7-24 24-24z\"\/><\/svg>\n        \n        \n        \n            <\/div>\n    \n\n<div class=\"ee-iconbox-content\">\n      <p class=\"ee-iconbox-title bde-h3\" >Acc\u00e8s \u00e0 la cuisine partag\u00e9e<\/p>\n      <\/div>\n\n<\/div>\n<\/div><div class=\"bde-column-437-143 bde-column\">\n  \n  \n\t\n\n\n\n<div class=\"bde-icon-box-437-147 bde-icon-box\">\n\n    \n            <div class=\"ee-iconbox-icon breakdance-icon-atom\" >\n    \n                    <svg xmlns=\"http:\/\/www.w3.org\/2000\/svg\" viewbox=\"0 0 576 512\"><!--! Font Awesome Free 6.5.1 by @fontawesome - https:\/\/fontawesome.com License - https:\/\/fontawesome.com\/license\/free (Icons: CC BY 4.0, Fonts: SIL OFL 1.1, Code: MIT License) Copyright 2023 Fonticons, Inc. --><path d=\"M309.6 158.5L332.7 19.8C334.6 8.4 344.5 0 356.1 0c7.5 0 14.5 3.5 19 9.5L392 32h52.1c12.7 0 24.9 5.1 33.9 14.1L496 64h56c13.3 0 24 10.7 24 24v24c0 44.2-35.8 80-80 80H464 448 426.7l-5.1 30.5-112-64zM416 256.1L416 480c0 17.7-14.3 32-32 32H352c-17.7 0-32-14.3-32-32V364.8c-24 12.3-51.2 19.2-80 19.2s-56-6.9-80-19.2V480c0 17.7-14.3 32-32 32H96c-17.7 0-32-14.3-32-32V249.8c-28.8-10.9-51.4-35.3-59.2-66.5L1 167.8c-4.3-17.1 6.1-34.5 23.3-38.8s34.5 6.1 38.8 23.3l3.9 15.5C70.5 182 83.3 192 98 192h30 16H303.8L416 256.1zM464 80a16 16 0 1 0 -32 0 16 16 0 1 0 32 0z\"\/><\/svg>\n        \n        \n        \n            <\/div>\n    \n\n<div class=\"ee-iconbox-content\">\n      <p class=\"ee-iconbox-title bde-h3\" >Animaux accept\u00e9s (pr\u00e9venir avant la r\u00e9servation)<\/p>\n      <\/div>\n\n<\/div>\n<\/div><\/div><div class=\"bde-columns-437-145 bde-columns\"><div class=\"bde-column-437-146 bde-column\">\n  \n  \n\t\n\n\n\n<div class=\"bde-icon-box-437-151 bde-icon-box\">\n\n    \n            <div class=\"ee-iconbox-icon breakdance-icon-atom\" >\n    \n                    <svg xmlns=\"http:\/\/www.w3.org\/2000\/svg\" viewbox=\"0 0 512 512\"><!--! Font Awesome Free 6.5.1 by @fontawesome - https:\/\/fontawesome.com License - https:\/\/fontawesome.com\/license\/free (Icons: CC BY 4.0, Fonts: SIL OFL 1.1, Code: MIT License) Copyright 2023 Fonticons, Inc. --><path d=\"M135.2 117.4L109.1 192H402.9l-26.1-74.6C372.3 104.6 360.2 96 346.6 96H165.4c-13.6 0-25.7 8.6-30.2 21.4zM39.6 196.8L74.8 96.3C88.3 57.8 124.6 32 165.4 32H346.6c40.8 0 77.1 25.8 90.6 64.3l35.2 100.5c23.2 9.6 39.6 32.5 39.6 59.2V400v48c0 17.7-14.3 32-32 32H448c-17.7 0-32-14.3-32-32V400H96v48c0 17.7-14.3 32-32 32H32c-17.7 0-32-14.3-32-32V400 256c0-26.7 16.4-49.6 39.6-59.2zM128 288a32 32 0 1 0 -64 0 32 32 0 1 0 64 0zm288 32a32 32 0 1 0 0-64 32 32 0 1 0 0 64z\"\/><\/svg>\n        \n        \n        \n            <\/div>\n    \n\n<div class=\"ee-iconbox-content\">\n      <p class=\"ee-iconbox-title bde-h3\" >Parking<\/p>\n      <\/div>\n\n<\/div>\n<\/div><div class=\"bde-column-437-148 bde-column\">\n  \n  \n\t\n\n\n\n<div class=\"bde-icon-box-437-163 bde-icon-box\">\n\n    \n            <div class=\"ee-iconbox-icon breakdance-icon-atom\" >\n    \n                    <svg xmlns=\"http:\/\/www.w3.org\/2000\/svg\" viewbox=\"0 0 576 512\"><!--! Font Awesome Free 6.5.1 by @fontawesome - https:\/\/fontawesome.com License - https:\/\/fontawesome.com\/license\/free (Icons: CC BY 4.0, Fonts: SIL OFL 1.1, Code: MIT License) Copyright 2023 Fonticons, Inc. --><path d=\"M416 64a32 32 0 1 0 0-64 32 32 0 1 0 0 64zm96 128a32 32 0 1 0 0-64 32 32 0 1 0 0 64zM160 464a48 48 0 1 0 -96 0 48 48 0 1 0 96 0zM32 160l.1 72.6c.1 52.2 24 101 64 133.1c-.1-1.9-.1-3.8-.1-5.7v-8c0-71.8 37-138.6 97.9-176.7l60.2-37.6c8.6-5.4 17.9-8.4 27.3-9.4l45.9-79.5c6.6-11.5 2.7-26.2-8.8-32.8s-26.2-2.7-32.8 8.8l-78 135.1c-3.3 5.7-10.7 7.7-16.4 4.4s-7.7-10.7-4.4-16.4l62-107.4c6.6-11.5 2.7-26.2-8.8-32.8S214 5 207.4 16.5l-68 117.8 0 0 0 0-43.3 75L96 160c0-17.7-14.4-32-32-32s-32 14.4-32 32zM332.1 88.5L307.5 131c13.9 4.5 26.4 13.7 34.7 27c.9 1.5 1.8 2.9 2.5 4.4l28.9-50c6.6-11.5 2.7-26.2-8.8-32.8s-26.2-2.7-32.8 8.8zm46.4 63.7l-26.8 46.4c-.6 6-2.1 11.8-4.3 17.4H352h13.3l0 0H397l23-39.8c6.6-11.5 2.7-26.2-8.8-32.8s-26.2-2.7-32.8 8.8zM315.1 175c-9.4-15-29.1-19.5-44.1-10.2l-60.2 37.6C159.3 234.7 128 291.2 128 352v8c0 8.9 .8 17.6 2.2 26.1c35.4 8.2 61.8 40 61.8 77.9c0 6.3-.7 12.5-2.1 18.4C215.1 501 246.3 512 280 512H456c13.3 0 24-10.7 24-24s-10.7-24-24-24H364c-6.6 0-12-5.4-12-12s5.4-12 12-12H488c13.3 0 24-10.7 24-24s-10.7-24-24-24H364c-6.6 0-12-5.4-12-12s5.4-12 12-12H520c13.3 0 24-10.7 24-24s-10.7-24-24-24H364c-6.6 0-12-5.4-12-12s5.4-12 12-12H488c13.3 0 24-10.7 24-24s-10.7-24-24-24H352l0 0 0 0H258.8L305 219.1c15-9.4 19.5-29.1 10.2-44.1z\"\/><\/svg>\n        \n        \n        \n            <\/div>\n    \n\n<div class=\"ee-iconbox-content\">\n      <p class=\"ee-iconbox-title bde-h3\" >Savon &amp; shampooing<\/p>\n      <\/div>\n\n<\/div>\n<\/div><div class=\"bde-column-437-150 bde-column\">\n  \n  \n\t\n\n\n\n<div class=\"bde-icon-box-437-164 bde-icon-box\">\n\n    \n            <div class=\"ee-iconbox-icon breakdance-icon-atom\" >\n    \n                    <svg xmlns=\"http:\/\/www.w3.org\/2000\/svg\" viewbox=\"0 0 640 512\"><!--! Font Awesome Free 6.5.1 by @fontawesome - https:\/\/fontawesome.com License - https:\/\/fontawesome.com\/license\/free (Icons: CC BY 4.0, Fonts: SIL OFL 1.1, Code: MIT License) Copyright 2023 Fonticons, Inc. --><path d=\"M32 32c17.7 0 32 14.3 32 32V320H288V160c0-17.7 14.3-32 32-32H544c53 0 96 43 96 96V448c0 17.7-14.3 32-32 32s-32-14.3-32-32V416H352 320 64v32c0 17.7-14.3 32-32 32s-32-14.3-32-32V64C0 46.3 14.3 32 32 32zm144 96a80 80 0 1 1 0 160 80 80 0 1 1 0-160z\"\/><\/svg>\n        \n        \n        \n            <\/div>\n    \n\n<div class=\"ee-iconbox-content\">\n      <p class=\"ee-iconbox-title bde-h3\" >Linge de lit et de toilette fourni<\/p>\n      <\/div>\n\n<\/div>\n<\/div><\/div><div class=\"bde-columns-437-152 bde-columns\"><div class=\"bde-column-437-153 bde-column\">\n  \n  \n\t\n\n\n\n<h2 class=\"bde-heading-437-154 bde-heading\">\nPr\u00eat \u00e0 r\u00e9server votre chambre ?\n<\/h2><div class=\"bde-text-437-155 bde-text\">\n\u201310\u202f% pour les s\u00e9jours de plus de trois nuits\n<\/div><div class=\"bde-text-437-156 bde-text\">\nQue vous voyagiez pour le travail ou que vous cherchiez une parenth\u00e8se nature,\nnos chambres vous offrent confort, calme \u2014 et ce petit suppl\u00e9ment d\u2019\u00e2me qui fait qu\u2019on se sent chez soi, m\u00eame loin de chez soi.<br>\n<\/div><div class=\"bde-button-437-157 bde-button\">\n    \n                                    \n    \n    \n    \n    \n            \n                    \n            \n            \n\n    \n    \n    \n    \n    \n    <a class=\"breakdance-link button-atom button-atom--primary bde-button__button\" href=\"https:\/\/valbare.it\/fr\/prenotazione-camere\/\" target=\"_self\" data-type=\"url\"  >\n\n    \n        <span class=\"button-atom__text\">R\u00e9server<\/span>\n\n        \n        \n                <\/a>\n\n    \n\n\n<\/div>\n<\/div><div class=\"bde-column-437-158 bde-column\">\n              \n  \n  \n\t\n\n  <div class=\"section-background-overlay\"><\/div>\n\n\n<div class=\"bde-image-437-159 bde-image\">\n<figure class=\"breakdance-image breakdance-image--251\">\n\t<div class=\"breakdance-image-container\">\n\t\t<div class=\"breakdance-image-clip\"><img loading=\"lazy\" decoding=\"async\" class=\"breakdance-image-object\" src=\"https:\/\/valbare.it\/wp-content\/uploads\/2025\/06\/valbare-camere-cat_003.webp\" width=\"1600\" height=\"1350\" srcset=\"https:\/\/valbare.it\/wp-content\/uploads\/2025\/06\/valbare-camere-cat_003.webp 1600w, https:\/\/valbare.it\/wp-content\/uploads\/2025\/06\/valbare-camere-cat_003-300x253.webp 300w, https:\/\/valbare.it\/wp-content\/uploads\/2025\/06\/valbare-camere-cat_003-1024x864.webp 1024w, https:\/\/valbare.it\/wp-content\/uploads\/2025\/06\/valbare-camere-cat_003-768x648.webp 768w, https:\/\/valbare.it\/wp-content\/uploads\/2025\/06\/valbare-camere-cat_003-1536x1296.webp 1536w\" sizes=\"auto, (max-width: 1600px) 100vw, 1600px\"><\/div>\n\t<\/div><\/figure>\n\n<\/div>\n<\/div><\/div><\/div>\n<\/section><section id=\"PRENOTAZIONECAMERE\" class=\"bde-section-437-167 bde-section\">\n  \n  \n\t\n\n\n\n<div class=\"section-container\"><div class=\"bde-code-block-437-168 bde-code-block\">\n\n  <!-- Bottone per aprire il popup -->\n<button \n  onclick=\"document.getElementById('smoobuModal').style.display='flex'\" \n  style=\"    padding: 0.75em 1.5em;     font-size: 1.1em;     background-color: #2E3105;     color: white;     border: none;     border-radius: 32px;     cursor: pointer;\">\n  R\u00e9server\n<\/button>\n\n<!-- Popup -->\n<div id=\"smoobuModal\" style=\"  display: none;  position: fixed;  top: 0;  left: 0;  width: 100vw;  height: 100vh;  background-color: rgba(0,0,0,0.6);  justify-content: center;  align-items: flex-start;  z-index: 9999;  padding-top: 4vh;\">\n\n  <div id=\"smoobuPopupContent\" style=\"    background: white;    width: 74%;    height: 74%;    border-radius: 12px;    position: relative;    overflow: hidden;    display: flex;    flex-direction: column;    align-items: center;    justify-content: flex-start;  \">\n\n    <!-- Bottone di chiusura -->\n    <button onclick=\"document.getElementById('smoobuModal').style.display='none'\" style=\"      position: absolute;      top: 12px;      right: 16px;      font-size: 1.4em;      background: none;      border: none;      cursor: pointer;      color: #333;    \">\u2715<\/button>\n\n    <!-- Contenitore per centratura iframe -->\n    <div style=\"      width: 100%;      display: flex;      justify-content: center;      align-items: flex-start;      height: 100%;      padding-top: 1rem;    \">\n      <iframe \n        src=\"https:\/\/booking.smoobu.com\/9A403856\" \n        style=\"          width: 95%;          max-width: 1000px;          height: 100%;          border: none;        \" \n        loading=\"lazy\">\n      <\/iframe>\n    <\/div>\n\n  <\/div>\n<\/div>\n\n<!-- Responsive -->\n<style>\n  @media (max-width: 768px) {\n    #smoobuPopupContent {\n      width: 94vw !important;\n      height: 90vh !important;\n      border-radius: 8px;\n    }\n    #smoobuPopupContent iframe {\n      width: 100% !important;\n    }\n  }\n<\/style>\n\n\n\n<\/div><div class=\"bde-columns-437-169 bde-columns\"><div class=\"bde-column-437-170 bde-column\">\n  \n  \n\t\n\n\n\n<a class=\"bde-container-link-437-171 bde-container-link breakdance-link\" href=\"https:\/\/valbare.it\/fr\/camere\/\" target=\"_self\" data-type=\"url\">\n  \n  \n\t\n\n\n\n<div class=\"bde-text-437-172 bde-text\">\nExplorez les autres chambres\n<\/div>\n\n<\/a>\n<\/div><\/div><\/div>\n<\/section>","protected":false},"excerpt":{"rendered":"<p>Camera Ulivo SCORRI VERSO IL BASSO Una camera spaziosa e accogliente, pensata per stare insieme. Camera\u00a0Ulivo Il luogo ideale per condividere il tempo che conta Un ambiente ampio e luminoso, dove ognuno trova il suo spazio senza rinunciare al contatto. La camera Ulivo accoglie fino a cinque persone: famiglie, amici o due coppie in cerca [&hellip;]<\/p>","protected":false},"author":2,"featured_media":0,"parent":45,"menu_order":0,"comment_status":"closed","ping_status":"closed","template":"","meta":{"_breakdance_hide_in_design_set":false,"_breakdance_tags":"","footnotes":""},"class_list":["post-437","page","type-page","status-publish","hentry"],"aioseo_notices":[],"_links":{"self":[{"href":"https:\/\/valbare.it\/fr\/wp-json\/wp\/v2\/pages\/437","targetHints":{"allow":["GET"]}}],"collection":[{"href":"https:\/\/valbare.it\/fr\/wp-json\/wp\/v2\/pages"}],"about":[{"href":"https:\/\/valbare.it\/fr\/wp-json\/wp\/v2\/types\/page"}],"author":[{"embeddable":true,"href":"https:\/\/valbare.it\/fr\/wp-json\/wp\/v2\/users\/2"}],"replies":[{"embeddable":true,"href":"https:\/\/valbare.it\/fr\/wp-json\/wp\/v2\/comments?post=437"}],"version-history":[{"count":11,"href":"https:\/\/valbare.it\/fr\/wp-json\/wp\/v2\/pages\/437\/revisions"}],"predecessor-version":[{"id":651,"href":"https:\/\/valbare.it\/fr\/wp-json\/wp\/v2\/pages\/437\/revisions\/651"}],"up":[{"embeddable":true,"href":"https:\/\/valbare.it\/fr\/wp-json\/wp\/v2\/pages\/45"}],"wp:attachment":[{"href":"https:\/\/valbare.it\/fr\/wp-json\/wp\/v2\/media?parent=437"}],"curies":[{"name":"wp","href":"https:\/\/api.w.org\/{rel}","templated":true}]}}