{"id":35,"date":"2025-06-04T05:44:00","date_gmt":"2025-06-04T05:44:00","guid":{"rendered":"https:\/\/valbare.it\/contact-2\/"},"modified":"2026-01-14T14:53:55","modified_gmt":"2026-01-14T14:53:55","slug":"contatti","status":"publish","type":"page","link":"https:\/\/valbare.it\/fr\/contatti\/","title":{"rendered":"Contactez-nous"},"content":{"rendered":"<section class=\"bde-section-35-100 bde-section\">\n  \n  \n\t\n\n\n\n<div class=\"section-container\"><h1 class=\"bde-heading-35-127 bde-heading\">\n<br>Contactez-nous\n<\/h1><div class=\"bde-div-35-102 bde-div\">\n  \n  \n\t\n\n\n\n<div class=\"bde-text-35-103 bde-text\">\nFaites d\u00e9filer vers le bas\n<\/div><div class=\"bde-image-35-104 bde-image\">\n<figure class=\"breakdance-image breakdance-image--49\">\n\t<div class=\"breakdance-image-container\">\n\t\t<div class=\"breakdance-image-clip\"><img loading=\"lazy\" decoding=\"async\" class=\"breakdance-image-object\" src=\"https:\/\/breakdancelibrary.com\/hotel\/wp-content\/uploads\/sites\/34\/2023\/02\/arrow-down-black-white.png\" width=\"7\" height=\"61\" sizes=\"auto, (max-width: 7px) 100vw, 7px\"><\/div>\n\t<\/div><\/figure>\n\n<\/div>\n<\/div><\/div>\n<\/section><section class=\"bde-section-35-105 bde-section\">\n  \n  \n\t\n\n\n\n<div class=\"section-container\"><h2 class=\"bde-heading-35-106 bde-heading\">\nVous souhaitez r\u00e9server une table ou une chambre, ou simplement poser une question ?<br>Remplissez le formulaire ci-dessous ou contactez-nous par t\u00e9l\u00e9phone ou e-mail. Nous vous r\u00e9pondrons dans les plus brefs d\u00e9lais.\n<\/h2><div class=\"bde-div-35-107 bde-div\">\n  \n  \n\t\n\n\n\n<div class=\"bde-div-35-108 bde-div\">\n  \n  \n\t\n\n\n\n<h3 class=\"bde-heading-35-109 bde-heading\">\nT\u00e9l\u00e9phone\n<\/h3><div class=\"bde-text-35-110 bde-text\">\n+39 324 66 13 260\n<\/div>\n<\/div><div class=\"bde-div-35-111 bde-div\">\n  \n  \n\t\n\n\n\n<h3 class=\"bde-heading-35-112 bde-heading\">\nEmail\n<\/h3><div class=\"bde-text-35-113 bde-text\">\ninfo@valbare.it\n<\/div>\n<\/div><div class=\"bde-div-35-114 bde-div\">\n  \n  \n\t\n\n\n\n<h3 class=\"bde-heading-35-115 bde-heading\">\nAdresse\n<\/h3><div class=\"bde-text-35-116 bde-text\">\n32, Via Case Fossa<br>31010 Fregona  -  Italia\n<\/div>\n<\/div>\n<\/div><h2 class=\"bde-heading-35-117 bde-heading\">\nEnvoyer un message\n<\/h2><div class=\"bde-form-builder-35-118 bde-form-builder\">\n\n\n<form id=\"contact-form118\" class=\"breakdance-form breakdance-form--vertical\" data-options=\"{&quot;slug&quot;:&quot;custom&quot;,&quot;name&quot;:&quot;Contact Form&quot;,&quot;ajaxUrl&quot;:&quot;https:\\\/\\\/valbare.it\\\/wp-admin\\\/admin-ajax.php&quot;,&quot;clearOnSuccess&quot;:true,&quot;hideOnSuccess&quot;:false,&quot;successMessage&quot;:&quot;Il tuo messaggio \\u00e8 stato inviato.&quot;,&quot;errorMessage&quot;:&quot;Ops... qualcosa \\u00e8 andato storto&quot;,&quot;redirect&quot;:true,&quot;redirectUrl&quot;:&quot;https:\\\/\\\/valbare.it\\\/thank-you\\\/&quot;,&quot;customJavaScript&quot;:&quot;&quot;,&quot;recaptcha&quot;:{&quot;key&quot;:&quot;&quot;,&quot;enabled&quot;:false},&quot;honeypot_enabled&quot;:false,&quot;popupsOnSuccess&quot;:[],&quot;popupsOnError&quot;:[]}\" data-steps=\"0\" action=\"\" >\n  \n  \n  \n<div class=\"breakdance-form-field breakdance-form-field--text\" >\n    \n    \n            <label class=\"breakdance-form-field__label\" for=\"name\">\n            Nom<span class=\"breakdance-form-field__required\">*<\/span>\n        <\/label>\n    \n    <input\n    class=\"breakdance-form-field__input\"\n    id=\"name\"\n    aria-describedby=\"name\"\n    type=\"text\"\n    name=\"fields[name]\"\n    placeholder=\"Nom\"\n    value=\"\"\n                \n        \n        \n    required\n>\n\n\n    \n    \n<\/div>\n\n\n<div class=\"breakdance-form-field breakdance-form-field--text\" >\n    \n    \n            <label class=\"breakdance-form-field__label\" for=\"hqfmto\">\n            Pr\u00e9nom<span class=\"breakdance-form-field__required\">*<\/span>\n        <\/label>\n    \n    <input\n    class=\"breakdance-form-field__input\"\n    id=\"hqfmto\"\n    aria-describedby=\"hqfmto\"\n    type=\"text\"\n    name=\"fields[hqfmto]\"\n    placeholder=\"Pr\u00e9nom\"\n    value=\"\"\n                \n        \n        \n    required\n>\n\n\n    \n    \n<\/div>\n\n\n<div class=\"breakdance-form-field breakdance-form-field--email\" >\n    \n    \n            <label class=\"breakdance-form-field__label\" for=\"email\">\n            Email<span class=\"breakdance-form-field__required\">*<\/span>\n        <\/label>\n    \n    <input\n    class=\"breakdance-form-field__input\"\n    id=\"email\"\n    aria-describedby=\"email\"\n    type=\"email\"\n    name=\"fields[email]\"\n    placeholder=\"Adresse e-mail\"\n    value=\"\"\n                \n        \n        \n    required\n>\n\n\n    \n    \n<\/div>\n\n\n<div class=\"breakdance-form-field breakdance-form-field--tel\" >\n    \n    \n            <label class=\"breakdance-form-field__label\" for=\"bapknk\">\n            Num\u00e9ro de t\u00e9l\u00e9phone<span class=\"breakdance-form-field__required\">*<\/span>\n        <\/label>\n    \n    <input\n    class=\"breakdance-form-field__input\"\n    id=\"bapknk\"\n    aria-describedby=\"bapknk\"\n    type=\"tel\"\n    name=\"fields[bapknk]\"\n    placeholder=\"Num\u00e9ro de t\u00e9l\u00e9phone\"\n    value=\"\"\n                \n        \n        \n    required\n>\n\n\n    \n    \n<\/div>\n\n\n<div class=\"breakdance-form-field breakdance-form-field--textarea\" >\n    \n    \n            <label class=\"breakdance-form-field__label\" for=\"message\">\n            Message<span class=\"breakdance-form-field__required\">*<\/span>\n        <\/label>\n    \n    <textarea\n    class=\"breakdance-form-field__input\"\n    id=\"message\"\n    aria-describedby=\"message\"\n    type=\"textarea\"\n    name=\"fields[message]\"\n        placeholder=\"Message\"\n    required\n>\n<\/textarea>\n\n\n    \n    \n<\/div>\n\n\n  \n\n<div class=\"breakdance-form-field breakdance-form-footer\">\n    \n    \n                                    \n    \n    \n    \n    \n            \n            <button type=\"submit\" class=\"button-atom button-atom--primary breakdance-form-button breakdance-form-button__submit\"  >\n    \n        <span class=\"button-atom__text\">Envoi du message<\/span>\n\n        \n        \n            <\/button>\n    \n    <input type=\"hidden\" name=\"form_id\" value=\"118\">\n    <input type=\"hidden\" name=\"post_id\" value=\"35\">\n<\/div>\n\n  \n<input type=\"hidden\" name=\"trp-form-language\" value=\"fr\"\/><\/form>\n\n\n\n<\/div><\/div>\n<\/section><section class=\"bde-section-35-125 bde-section\">\n  \n  \n\t\n\n\n\n<div class=\"section-container\"><div class=\"bde-google-map-35-126 bde-google-map\">\n\r\n<iframe width=\"100%\" height=\"100%\" style=\"border:0\" loading=\"lazy\" title=\"Map\" src=\"https:\/\/maps.google.com\/maps?q=32%2C+Via+Case+Fossa%3Cbr%3E31010+Fregona&t=m&z=15&output=embed&iwloc=near\" allowfullscreen><\/iframe>\n\n<\/div><\/div>\n<\/section>","protected":false},"excerpt":{"rendered":"<p>Contatti SCORRI VERSO IL BASSO Hai qualche richiesta?Contattaci oggi stesso. Telefona +39 324 66 13 260 Inviaci un email info@valbare.it Indirizzo ValBar\u00e8 32, Via Case Fossa31010 Fregona &#8211; Italia Manda un messaggio Nome* Cognome* Email* Numero di telefono* Messaggio* Invio messaggio<\/p>","protected":false},"author":1,"featured_media":0,"parent":0,"menu_order":6,"comment_status":"closed","ping_status":"closed","template":"","meta":{"_breakdance_hide_in_design_set":false,"_breakdance_tags":"","footnotes":""},"class_list":["post-35","page","type-page","status-publish","hentry"],"aioseo_notices":[],"_links":{"self":[{"href":"https:\/\/valbare.it\/fr\/wp-json\/wp\/v2\/pages\/35","targetHints":{"allow":["GET"]}}],"collection":[{"href":"https:\/\/valbare.it\/fr\/wp-json\/wp\/v2\/pages"}],"about":[{"href":"https:\/\/valbare.it\/fr\/wp-json\/wp\/v2\/types\/page"}],"author":[{"embeddable":true,"href":"https:\/\/valbare.it\/fr\/wp-json\/wp\/v2\/users\/1"}],"replies":[{"embeddable":true,"href":"https:\/\/valbare.it\/fr\/wp-json\/wp\/v2\/comments?post=35"}],"version-history":[{"count":18,"href":"https:\/\/valbare.it\/fr\/wp-json\/wp\/v2\/pages\/35\/revisions"}],"predecessor-version":[{"id":731,"href":"https:\/\/valbare.it\/fr\/wp-json\/wp\/v2\/pages\/35\/revisions\/731"}],"wp:attachment":[{"href":"https:\/\/valbare.it\/fr\/wp-json\/wp\/v2\/media?parent=35"}],"curies":[{"name":"wp","href":"https:\/\/api.w.org\/{rel}","templated":true}]}}