{"id":278,"date":"2025-06-14T15:42:58","date_gmt":"2025-06-14T15:42:58","guid":{"rendered":"https:\/\/valbare.it\/?page_id=278"},"modified":"2025-09-10T17:23:54","modified_gmt":"2025-09-10T17:23:54","slug":"cosa-vedere","status":"publish","type":"page","link":"https:\/\/valbare.it\/fr\/cosa-vedere\/","title":{"rendered":"\u00c0 voir"},"content":{"rendered":"<section class=\"bde-section-278-105 bde-section radial-bg__top\">\n  \n  \n\t\n\n\n\n<div class=\"section-container\"><div class=\"bde-columns-278-106 bde-columns\"><div class=\"bde-column-278-107 bde-column\">\n  \n  \n\t\n\n\n\n\n<\/div><div class=\"bde-column-278-108 bde-column\">\n  \n  \n\t\n\n\n\n<h1 class=\"bde-heading-278-109 bde-heading\">\n\u00c0 voir<br>autour de nous<br><br>\n<\/h1><div class=\"bde-text-278-110 bde-text\">\nValBar\u00e8 est un point de d\u00e9part id\u00e9al pour ceux qui aiment explorer.\nEn quelques minutes seulement, vous voil\u00e0 au c\u0153ur de grottes sculpt\u00e9es par l\u2019eau, de villages fig\u00e9s dans le temps, de lacs alpins ou de collines class\u00e9es au patrimoine mondial de l\u2019UNESCO.\nEt si vous avez envie d\u2019un peu plus de route (mais pas trop), des villes riches d\u2019histoire vous attendent.<br><br>Faites d\u00e9filer la page et laissez-vous inspirer : chaque lieu r\u00e9v\u00e8le une facette diff\u00e9rente de ce territoire g\u00e9n\u00e9reux, qui surprend \u00e0 chaque d\u00e9tour.\n<\/div>\n<\/div><\/div><\/div>\n<\/section><section class=\"bde-section-278-111 bde-section\">\n              \n  \n  \n\t\n\n\n\n<div class=\"section-container\"><div class=\"bde-columns-278-112 bde-columns\"><div class=\"bde-column-278-113 bde-column\">\n  \n  \n\t\n\n\n\n<div class=\"bde-image-278-114 bde-image\">\n<figure class=\"breakdance-image breakdance-image--421\">\n\t<div class=\"breakdance-image-container\">\n\t\t<div class=\"breakdance-image-clip\"><img loading=\"lazy\" decoding=\"async\" class=\"breakdance-image-object\" src=\"https:\/\/valbare.it\/wp-content\/uploads\/2025\/06\/valbare-lago-di-santa-croce-alpago.webp\" width=\"1600\" height=\"1067\" srcset=\"https:\/\/valbare.it\/wp-content\/uploads\/2025\/06\/valbare-lago-di-santa-croce-alpago.webp 1600w, https:\/\/valbare.it\/wp-content\/uploads\/2025\/06\/valbare-lago-di-santa-croce-alpago-300x200.webp 300w, https:\/\/valbare.it\/wp-content\/uploads\/2025\/06\/valbare-lago-di-santa-croce-alpago-1024x683.webp 1024w, https:\/\/valbare.it\/wp-content\/uploads\/2025\/06\/valbare-lago-di-santa-croce-alpago-768x512.webp 768w, https:\/\/valbare.it\/wp-content\/uploads\/2025\/06\/valbare-lago-di-santa-croce-alpago-1536x1024.webp 1536w\" sizes=\"auto, (max-width: 1600px) 100vw, 1600px\"><\/div>\n\t<\/div><\/figure>\n\n<\/div><h2 class=\"bde-heading-278-115 bde-heading\">\nLac de Santa Croce\n<\/h2><div class=\"bde-text-278-116 bde-text\">\nUn lac turquoise nich\u00e9 entre montagnes et for\u00eats. Appr\u00e9ci\u00e9 autant par ceux qui recherchent le calme que par les amateurs de vent : kitesurf, voile ou simple pique-nique avec vue.\nSanta Croce est une parenth\u00e8se fra\u00eeche et vivifiante \u2014 \u00e0 quelques kilom\u00e8tres de ValBar\u00e8.\n<\/div>\n<\/div><div class=\"bde-column-278-118 bde-column\">\n  \n  \n\t\n\n\n\n<div class=\"bde-image-278-119 bde-image\">\n<figure class=\"breakdance-image breakdance-image--420\">\n\t<div class=\"breakdance-image-container\">\n\t\t<div class=\"breakdance-image-clip\"><img loading=\"lazy\" decoding=\"async\" class=\"breakdance-image-object\" src=\"https:\/\/valbare.it\/wp-content\/uploads\/2025\/06\/valbare-grotte-del.caglieron-fregona.webp\" width=\"1600\" height=\"1059\" srcset=\"https:\/\/valbare.it\/wp-content\/uploads\/2025\/06\/valbare-grotte-del.caglieron-fregona.webp 1600w, https:\/\/valbare.it\/wp-content\/uploads\/2025\/06\/valbare-grotte-del.caglieron-fregona-300x199.webp 300w, https:\/\/valbare.it\/wp-content\/uploads\/2025\/06\/valbare-grotte-del.caglieron-fregona-1024x678.webp 1024w, https:\/\/valbare.it\/wp-content\/uploads\/2025\/06\/valbare-grotte-del.caglieron-fregona-768x508.webp 768w, https:\/\/valbare.it\/wp-content\/uploads\/2025\/06\/valbare-grotte-del.caglieron-fregona-1536x1017.webp 1536w\" sizes=\"auto, (max-width: 1600px) 100vw, 1600px\"><\/div>\n\t<\/div><\/figure>\n\n<\/div><h2 class=\"bde-heading-278-120 bde-heading\">\nGrottes de Caglieron\n<\/h2><div class=\"bde-text-278-121 bde-text\">\n\u00c0 deux pas de ValBar\u00e8 s\u2019ouvrent les Grottes de Caglieron : un sentier enchanteur entre cascades, passerelles suspendues et anciennes carri\u00e8res de pierre.\nIci, la nature a sculpt\u00e9 la roche et le silence vous murmure des histoires d\u2019un autre temps.\n<\/div>\n<\/div><div class=\"bde-column-278-123 bde-column\">\n  \n  \n\t\n\n\n\n<div class=\"bde-image-278-124 bde-image\">\n<figure class=\"breakdance-image breakdance-image--419\">\n\t<div class=\"breakdance-image-container\">\n\t\t<div class=\"breakdance-image-clip\"><img loading=\"lazy\" decoding=\"async\" class=\"breakdance-image-object\" src=\"https:\/\/valbare.it\/wp-content\/uploads\/2025\/06\/valbare-vittorio-veneto.webp\" width=\"1600\" height=\"1067\" srcset=\"https:\/\/valbare.it\/wp-content\/uploads\/2025\/06\/valbare-vittorio-veneto.webp 1600w, https:\/\/valbare.it\/wp-content\/uploads\/2025\/06\/valbare-vittorio-veneto-300x200.webp 300w, https:\/\/valbare.it\/wp-content\/uploads\/2025\/06\/valbare-vittorio-veneto-1024x683.webp 1024w, https:\/\/valbare.it\/wp-content\/uploads\/2025\/06\/valbare-vittorio-veneto-768x512.webp 768w, https:\/\/valbare.it\/wp-content\/uploads\/2025\/06\/valbare-vittorio-veneto-1536x1024.webp 1536w\" sizes=\"auto, (max-width: 1600px) 100vw, 1600px\"><\/div>\n\t<\/div><\/figure>\n\n<\/div><h2 class=\"bde-heading-278-125 bde-heading\">\nVittorio Veneto\n<\/h2><div class=\"bde-text-278-126 bde-text\">\nFl\u00e2nez entre les ruelles pav\u00e9es de Serravalle et Ceneda, les deux \u00e2mes historiques de Vittorio Veneto.\n\u00c9glises, palais et atmosph\u00e8res hors du temps \u2014 chaque coin de rue \u00e9voque l\u2019art, les batailles, et la renaissance d\u2019un territoire.\n<\/div>\n<\/div><\/div><div class=\"bde-columns-278-128 bde-columns\"><div class=\"bde-column-278-129 bde-column\">\n  \n  \n\t\n\n\n\n<div class=\"bde-image-278-130 bde-image\">\n<figure class=\"breakdance-image breakdance-image--418\">\n\t<div class=\"breakdance-image-container\">\n\t\t<div class=\"breakdance-image-clip\"><img loading=\"lazy\" decoding=\"async\" class=\"breakdance-image-object\" src=\"https:\/\/valbare.it\/wp-content\/uploads\/2025\/06\/valbare-lago-fim-fest-2025.webp\" width=\"1600\" height=\"2026\" srcset=\"https:\/\/valbare.it\/wp-content\/uploads\/2025\/06\/valbare-lago-fim-fest-2025.webp 1600w, https:\/\/valbare.it\/wp-content\/uploads\/2025\/06\/valbare-lago-fim-fest-2025-237x300.webp 237w, https:\/\/valbare.it\/wp-content\/uploads\/2025\/06\/valbare-lago-fim-fest-2025-809x1024.webp 809w, https:\/\/valbare.it\/wp-content\/uploads\/2025\/06\/valbare-lago-fim-fest-2025-768x972.webp 768w, https:\/\/valbare.it\/wp-content\/uploads\/2025\/06\/valbare-lago-fim-fest-2025-1213x1536.webp 1213w\" sizes=\"auto, (max-width: 1600px) 100vw, 1600px\"><\/div>\n\t<\/div><\/figure>\n\n<\/div><h2 class=\"bde-heading-278-131 bde-heading\">\nLago Film Fest \u2013 Revine Lago\n<\/h2><div class=\"bde-text-278-132 bde-text\">\nFin juillet, Revine Lago accueille pendant une dizaine de jours l\u2019un des festivals les plus po\u00e9tiques d\u2019Europe : courts-m\u00e9trages, arts visuels et musique sur les rives d\u2019un lac vibrant de cr\u00e9ativit\u00e9.<br>\n<\/div>\n<\/div><div class=\"bde-column-278-134 bde-column\">\n  \n  \n\t\n\n\n\n<div class=\"bde-image-278-135 bde-image\">\n<figure class=\"breakdance-image breakdance-image--417\">\n\t<div class=\"breakdance-image-container\">\n\t\t<div class=\"breakdance-image-clip\"><img loading=\"lazy\" decoding=\"async\" class=\"breakdance-image-object\" src=\"https:\/\/valbare.it\/wp-content\/uploads\/2025\/06\/valbare-colline-prosecco-conegliano-valdobbiadene.webp\" width=\"1600\" height=\"2400\" srcset=\"https:\/\/valbare.it\/wp-content\/uploads\/2025\/06\/valbare-colline-prosecco-conegliano-valdobbiadene.webp 1600w, https:\/\/valbare.it\/wp-content\/uploads\/2025\/06\/valbare-colline-prosecco-conegliano-valdobbiadene-200x300.webp 200w, https:\/\/valbare.it\/wp-content\/uploads\/2025\/06\/valbare-colline-prosecco-conegliano-valdobbiadene-683x1024.webp 683w, https:\/\/valbare.it\/wp-content\/uploads\/2025\/06\/valbare-colline-prosecco-conegliano-valdobbiadene-768x1152.webp 768w, https:\/\/valbare.it\/wp-content\/uploads\/2025\/06\/valbare-colline-prosecco-conegliano-valdobbiadene-1024x1536.webp 1024w, https:\/\/valbare.it\/wp-content\/uploads\/2025\/06\/valbare-colline-prosecco-conegliano-valdobbiadene-1365x2048.webp 1365w\" sizes=\"auto, (max-width: 1600px) 100vw, 1600px\"><\/div>\n\t<\/div><\/figure>\n\n<\/div><h2 class=\"bde-heading-278-136 bde-heading\">\nCollines du Prosecco \u2013 Patrimoine UNESCO\n<\/h2><div class=\"bde-text-278-137 bde-text\">\nDes vignes \u00e0 perte de vue, des caves discr\u00e8tes et des panoramas de carte postale :\nchaque verre de Prosecco raconte l\u2019effort et la beaut\u00e9 d\u2019un paysage fa\u00e7onn\u00e9 par l\u2019homme.\nS\u00e9journer \u00e0 ValBar\u00e8, c\u2019est vivre au c\u0153ur de cette terre unique class\u00e9e au patrimoine mondial.<br>\n<\/div>\n<\/div><div class=\"bde-column-278-203 bde-column\">\n  \n  \n\t\n\n\n\n<div class=\"bde-image-278-204 bde-image\">\n<figure class=\"breakdance-image breakdance-image--423\">\n\t<div class=\"breakdance-image-container\">\n\t\t<div class=\"breakdance-image-clip\"><img loading=\"lazy\" decoding=\"async\" class=\"breakdance-image-object\" src=\"https:\/\/valbare.it\/wp-content\/uploads\/2025\/06\/valbare-sarmede-il-sole-ritrovato.webp\" width=\"800\" height=\"1200\" srcset=\"https:\/\/valbare.it\/wp-content\/uploads\/2025\/06\/valbare-sarmede-il-sole-ritrovato.webp 800w, https:\/\/valbare.it\/wp-content\/uploads\/2025\/06\/valbare-sarmede-il-sole-ritrovato-200x300.webp 200w, https:\/\/valbare.it\/wp-content\/uploads\/2025\/06\/valbare-sarmede-il-sole-ritrovato-683x1024.webp 683w, https:\/\/valbare.it\/wp-content\/uploads\/2025\/06\/valbare-sarmede-il-sole-ritrovato-768x1152.webp 768w\" sizes=\"auto, (max-width: 800px) 100vw, 800px\"><\/div>\n\t<\/div><\/figure>\n\n<\/div><h2 class=\"bde-heading-278-205 bde-heading\">\nSarmede \u2013 Le village de l\u2019imaginaire\n<\/h2><div class=\"bde-text-278-206 bde-text\">\nLe village des livres illustr\u00e9s : chaque ann\u00e9e, Sarmede se pare de fresques et d\u2019expositions inspir\u00e9es par l\u2019enfance et l\u2019art.\nUn petit village qui parle au c\u0153ur avec des yeux \u00e9merveill\u00e9s.<br>\n<\/div>\n<\/div><\/div><\/div>\n<\/section><section class=\"bde-section-278-144 bde-section\">\n              \n  \n  \n\t\n\n\n\n<div class=\"section-container\"><div class=\"bde-columns-278-145 bde-columns\"><div class=\"bde-column-278-156 bde-column\">\n  \n  \n\t\n\n\n\n<div class=\"bde-image-278-157 bde-image\">\n<figure class=\"breakdance-image breakdance-image--428\">\n\t<div class=\"breakdance-image-container\">\n\t\t<div class=\"breakdance-image-clip\"><img loading=\"lazy\" decoding=\"async\" class=\"breakdance-image-object\" src=\"https:\/\/valbare.it\/wp-content\/uploads\/2025\/06\/valbare-Castelbrando_Cison_di_Valmarino_Italy.webp\" width=\"1600\" height=\"1063\" srcset=\"https:\/\/valbare.it\/wp-content\/uploads\/2025\/06\/valbare-Castelbrando_Cison_di_Valmarino_Italy.webp 1600w, https:\/\/valbare.it\/wp-content\/uploads\/2025\/06\/valbare-Castelbrando_Cison_di_Valmarino_Italy-300x199.webp 300w, https:\/\/valbare.it\/wp-content\/uploads\/2025\/06\/valbare-Castelbrando_Cison_di_Valmarino_Italy-1024x680.webp 1024w, https:\/\/valbare.it\/wp-content\/uploads\/2025\/06\/valbare-Castelbrando_Cison_di_Valmarino_Italy-768x510.webp 768w, https:\/\/valbare.it\/wp-content\/uploads\/2025\/06\/valbare-Castelbrando_Cison_di_Valmarino_Italy-1536x1020.webp 1536w\" sizes=\"auto, (max-width: 1600px) 100vw, 1600px\"><\/div>\n\t<\/div><\/figure>\n\n<\/div><h2 class=\"bde-heading-278-158 bde-heading\">\nCison di Valmarino\n<\/h2><div class=\"bde-text-278-159 bde-text\">\nClass\u00e9 parmi les plus beaux villages d\u2019Italie, Cison charme avec ses ch\u00e2teaux, ses arcades en pierre et ses ruelles hors du temps.\nIci, artisanat et histoire se m\u00ealent dans une ambiance authentique et romantique, \u00e0 savourer \u00e0 un rythme tranquille.<br>\n<\/div>\n<\/div><div class=\"bde-column-278-139 bde-column\">\n  \n  \n\t\n\n\n\n<div class=\"bde-image-278-140 bde-image\">\n<figure class=\"breakdance-image breakdance-image--431\">\n\t<div class=\"breakdance-image-container\">\n\t\t<div class=\"breakdance-image-clip\"><img loading=\"lazy\" decoding=\"async\" class=\"breakdance-image-object\" src=\"https:\/\/valbare.it\/wp-content\/uploads\/2025\/06\/valbare-bosco-del-cansiglio.webp\" width=\"1600\" height=\"1067\" srcset=\"https:\/\/valbare.it\/wp-content\/uploads\/2025\/06\/valbare-bosco-del-cansiglio.webp 1600w, https:\/\/valbare.it\/wp-content\/uploads\/2025\/06\/valbare-bosco-del-cansiglio-300x200.webp 300w, https:\/\/valbare.it\/wp-content\/uploads\/2025\/06\/valbare-bosco-del-cansiglio-1024x683.webp 1024w, https:\/\/valbare.it\/wp-content\/uploads\/2025\/06\/valbare-bosco-del-cansiglio-768x512.webp 768w, https:\/\/valbare.it\/wp-content\/uploads\/2025\/06\/valbare-bosco-del-cansiglio-1536x1024.webp 1536w\" sizes=\"auto, (max-width: 1600px) 100vw, 1600px\"><\/div>\n\t<\/div><\/figure>\n\n<\/div><h2 class=\"bde-heading-278-141 bde-heading\">\nFor\u00eat du Cansiglio\n<\/h2><div class=\"bde-text-278-142 bde-text\">\nLe Cansiglio, ce n\u2019est pas juste une for\u00eat : c\u2019est une \u00e9treinte verte, un lieu o\u00f9 la nature est souveraine et vous, un h\u00f4te respectueux.\nAu fil des h\u00eatres centenaires, des cerfs et des sentiers silencieux, chaque pas vous ram\u00e8ne \u00e0 quelque chose d\u2019essentiel.\n<\/div>\n<\/div><div class=\"bde-column-278-146 bde-column\">\n  \n  \n\t\n\n\n\n<div class=\"bde-image-278-147 bde-image\">\n<figure class=\"breakdance-image breakdance-image--430\">\n\t<div class=\"breakdance-image-container\">\n\t\t<div class=\"breakdance-image-clip\"><img loading=\"lazy\" decoding=\"async\" class=\"breakdance-image-object\" src=\"https:\/\/valbare.it\/wp-content\/uploads\/2025\/06\/valbare-treviso-piazza-dei-signori.webp\" width=\"1600\" height=\"2416\" srcset=\"https:\/\/valbare.it\/wp-content\/uploads\/2025\/06\/valbare-treviso-piazza-dei-signori.webp 1600w, https:\/\/valbare.it\/wp-content\/uploads\/2025\/06\/valbare-treviso-piazza-dei-signori-199x300.webp 199w, https:\/\/valbare.it\/wp-content\/uploads\/2025\/06\/valbare-treviso-piazza-dei-signori-678x1024.webp 678w, https:\/\/valbare.it\/wp-content\/uploads\/2025\/06\/valbare-treviso-piazza-dei-signori-768x1160.webp 768w, https:\/\/valbare.it\/wp-content\/uploads\/2025\/06\/valbare-treviso-piazza-dei-signori-1017x1536.webp 1017w, https:\/\/valbare.it\/wp-content\/uploads\/2025\/06\/valbare-treviso-piazza-dei-signori-1356x2048.webp 1356w\" sizes=\"auto, (max-width: 1600px) 100vw, 1600px\"><\/div>\n\t<\/div><\/figure>\n\n<\/div><h2 class=\"bde-heading-278-148 bde-heading\">\nTr\u00e9vise\n<\/h2><div class=\"bde-text-278-149 bde-text\">\nEntre canaux, arcades et places anim\u00e9es, Tr\u00e9vise s\u00e9duit par son \u00e9l\u00e9gance discr\u00e8te.\nUne \"petite Venise\" o\u00f9 l\u2019histoire rencontre la modernit\u00e9 dans l\u2019art de vivre v\u00e9nitien.\n<\/div>\n<\/div><\/div><div class=\"bde-columns-278-161 bde-columns\"><div class=\"bde-column-278-198 bde-column\">\n  \n  \n\t\n\n\n\n<div class=\"bde-image-278-199 bde-image\">\n<figure class=\"breakdance-image breakdance-image--429\">\n\t<div class=\"breakdance-image-container\">\n\t\t<div class=\"breakdance-image-clip\"><img loading=\"lazy\" decoding=\"async\" class=\"breakdance-image-object\" src=\"https:\/\/valbare.it\/wp-content\/uploads\/2025\/06\/valbare-belluno.webp\" width=\"1600\" height=\"1028\" srcset=\"https:\/\/valbare.it\/wp-content\/uploads\/2025\/06\/valbare-belluno.webp 1600w, https:\/\/valbare.it\/wp-content\/uploads\/2025\/06\/valbare-belluno-300x193.webp 300w, https:\/\/valbare.it\/wp-content\/uploads\/2025\/06\/valbare-belluno-1024x658.webp 1024w, https:\/\/valbare.it\/wp-content\/uploads\/2025\/06\/valbare-belluno-768x493.webp 768w, https:\/\/valbare.it\/wp-content\/uploads\/2025\/06\/valbare-belluno-1536x987.webp 1536w\" sizes=\"auto, (max-width: 1600px) 100vw, 1600px\"><\/div>\n\t<\/div><\/figure>\n\n<\/div><h2 class=\"bde-heading-278-200 bde-heading\">\nBelluno\n<\/h2><div class=\"bde-text-278-201 bde-text\">\nPorte d\u2019entr\u00e9e des Dolomites, Belluno allie charme alpin et patrimoine vivant.\nUn centre anim\u00e9 d\u2019o\u00f9 partent sentiers, d\u00e9couvertes naturelles et panoramas \u00e0 couper le souffle.\n<\/div>\n<\/div><div class=\"bde-column-278-162 bde-column\">\n  \n  \n\t\n\n\n\n<div class=\"bde-image-278-163 bde-image\">\n<figure class=\"breakdance-image breakdance-image--427\">\n\t<div class=\"breakdance-image-container\">\n\t\t<div class=\"breakdance-image-clip\"><img loading=\"lazy\" decoding=\"async\" class=\"breakdance-image-object\" src=\"https:\/\/valbare.it\/wp-content\/uploads\/2025\/06\/valbare-Faloria_Cortina_dAmpezzo.webp\" width=\"1600\" height=\"1106\" srcset=\"https:\/\/valbare.it\/wp-content\/uploads\/2025\/06\/valbare-Faloria_Cortina_dAmpezzo.webp 1600w, https:\/\/valbare.it\/wp-content\/uploads\/2025\/06\/valbare-Faloria_Cortina_dAmpezzo-300x207.webp 300w, https:\/\/valbare.it\/wp-content\/uploads\/2025\/06\/valbare-Faloria_Cortina_dAmpezzo-1024x708.webp 1024w, https:\/\/valbare.it\/wp-content\/uploads\/2025\/06\/valbare-Faloria_Cortina_dAmpezzo-768x531.webp 768w, https:\/\/valbare.it\/wp-content\/uploads\/2025\/06\/valbare-Faloria_Cortina_dAmpezzo-1536x1062.webp 1536w\" sizes=\"auto, (max-width: 1600px) 100vw, 1600px\"><\/div>\n\t<\/div><\/figure>\n\n<\/div><h2 class=\"bde-heading-278-164 bde-heading\">\nCortina d\u2019Ampezzo\n<\/h2><div class=\"bde-text-278-165 bde-text\">\n\u00c0 la fois chic et sauvage, Cortina est la reine des Dolomites.\nQuelle que soit la saison, elle promet des \u00e9motions : ski, randonn\u00e9es, \u00e9l\u00e9gance\u2026 et des vues spectaculaires sur les plus beaux sommets d\u2019Italie.\n<\/div>\n<\/div><div class=\"bde-column-278-167 bde-column\">\n  \n  \n\t\n\n\n\n<div class=\"bde-image-278-168 bde-image\">\n<figure class=\"breakdance-image breakdance-image--426\">\n\t<div class=\"breakdance-image-container\">\n\t\t<div class=\"breakdance-image-clip\"><img loading=\"lazy\" decoding=\"async\" class=\"breakdance-image-object\" src=\"https:\/\/valbare.it\/wp-content\/uploads\/2025\/06\/valbare-Padova_Prato_della_Valle.webp\" width=\"1600\" height=\"1200\" srcset=\"https:\/\/valbare.it\/wp-content\/uploads\/2025\/06\/valbare-Padova_Prato_della_Valle.webp 1600w, https:\/\/valbare.it\/wp-content\/uploads\/2025\/06\/valbare-Padova_Prato_della_Valle-300x225.webp 300w, https:\/\/valbare.it\/wp-content\/uploads\/2025\/06\/valbare-Padova_Prato_della_Valle-1024x768.webp 1024w, https:\/\/valbare.it\/wp-content\/uploads\/2025\/06\/valbare-Padova_Prato_della_Valle-768x576.webp 768w, https:\/\/valbare.it\/wp-content\/uploads\/2025\/06\/valbare-Padova_Prato_della_Valle-1536x1152.webp 1536w\" sizes=\"auto, (max-width: 1600px) 100vw, 1600px\"><\/div>\n\t<\/div><\/figure>\n\n<\/div><h2 class=\"bde-heading-278-169 bde-heading\">\nPadoue\n<\/h2><div class=\"bde-text-278-170 bde-text\">\nVille de science, d\u2019art et de spiritualit\u00e9. La Chapelle des Scrovegni et la Basilique Saint-Antoine ne sont que le d\u00e9but d\u2019un voyage au c\u0153ur de la beaut\u00e9, de la culture et de la foi.\n<\/div>\n<\/div><\/div><div class=\"bde-columns-278-177 bde-columns\"><div class=\"bde-column-278-188 bde-column\">\n  \n  \n\t\n\n\n\n<div class=\"bde-image-278-189 bde-image\">\n<figure class=\"breakdance-image breakdance-image--425\">\n\t<div class=\"breakdance-image-container\">\n\t\t<div class=\"breakdance-image-clip\"><img loading=\"lazy\" decoding=\"async\" class=\"breakdance-image-object\" src=\"https:\/\/valbare.it\/wp-content\/uploads\/2025\/06\/valbare-trieste-barcolana.webp\" width=\"1600\" height=\"898\" srcset=\"https:\/\/valbare.it\/wp-content\/uploads\/2025\/06\/valbare-trieste-barcolana.webp 1600w, https:\/\/valbare.it\/wp-content\/uploads\/2025\/06\/valbare-trieste-barcolana-300x168.webp 300w, https:\/\/valbare.it\/wp-content\/uploads\/2025\/06\/valbare-trieste-barcolana-1024x575.webp 1024w, https:\/\/valbare.it\/wp-content\/uploads\/2025\/06\/valbare-trieste-barcolana-768x431.webp 768w, https:\/\/valbare.it\/wp-content\/uploads\/2025\/06\/valbare-trieste-barcolana-1536x862.webp 1536w\" sizes=\"auto, (max-width: 1600px) 100vw, 1600px\"><\/div>\n\t<\/div><\/figure>\n\n<\/div><h2 class=\"bde-heading-278-190 bde-heading\">\nTrieste\n<\/h2><div class=\"bde-text-278-191 bde-text\">\nTourn\u00e9e vers l\u2019Adriatique, Trieste m\u00eale l\u2019appel de la mer \u00e0 un charme mitteleurop\u00e9en.\nEntre ch\u00e2teaux, caf\u00e9s historiques et souffle de la bora, c\u2019est une ville suspendue entre l\u2019Italie\u2026 et ailleurs.<br>\n<\/div>\n<\/div><div class=\"bde-column-278-193 bde-column\">\n  \n  \n\t\n\n\n\n<div class=\"bde-image-278-194 bde-image\">\n<figure class=\"breakdance-image breakdance-image--424\">\n\t<div class=\"breakdance-image-container\">\n\t\t<div class=\"breakdance-image-clip\"><img loading=\"lazy\" decoding=\"async\" class=\"breakdance-image-object\" src=\"https:\/\/valbare.it\/wp-content\/uploads\/2025\/06\/valbare-Veneza.webp\" width=\"930\" height=\"620\" srcset=\"https:\/\/valbare.it\/wp-content\/uploads\/2025\/06\/valbare-Veneza.webp 930w, https:\/\/valbare.it\/wp-content\/uploads\/2025\/06\/valbare-Veneza-300x200.webp 300w, https:\/\/valbare.it\/wp-content\/uploads\/2025\/06\/valbare-Veneza-768x512.webp 768w\" sizes=\"auto, (max-width: 930px) 100vw, 930px\"><\/div>\n\t<\/div><\/figure>\n\n<\/div><h2 class=\"bde-heading-278-195 bde-heading\">\nVenezia\n<\/h2><div class=\"bde-text-278-196 bde-text\">\n\u00c0 un peu plus d\u2019une heure de ValBar\u00e8, la ville sur l\u2019eau vous attend : ruelles, gondoles, chefs-d\u2019\u0153uvre d\u2019art.\nVenise est une \u00e9motion qu\u2019on ne d\u00e9crit pas \u2014 elle se vit, lentement et avec respect.\n<\/div>\n<\/div><\/div><\/div>\n<\/section>","protected":false},"excerpt":{"rendered":"<p>Cosa vedere(intorno a noi) Valbar\u00e8 \u00e8 un punto di partenza perfetto per chi ama scoprire. Bastano pochi minuti per ritrovarsi tra grotte scolpite dall\u2019acqua, borghi sospesi nel tempo, laghi, colline patrimonio UNESCO.. Facendo, invece, un po di strada (non molta) si arriva in citt\u00e0 ricche di storia.Scorri la pagina e lasciati ispirare: ogni luogo racconta [&hellip;]<\/p>","protected":false},"author":2,"featured_media":0,"parent":0,"menu_order":9,"comment_status":"closed","ping_status":"closed","template":"","meta":{"_breakdance_hide_in_design_set":false,"_breakdance_tags":"","footnotes":""},"class_list":["post-278","page","type-page","status-publish","hentry"],"aioseo_notices":[],"_links":{"self":[{"href":"https:\/\/valbare.it\/fr\/wp-json\/wp\/v2\/pages\/278","targetHints":{"allow":["GET"]}}],"collection":[{"href":"https:\/\/valbare.it\/fr\/wp-json\/wp\/v2\/pages"}],"about":[{"href":"https:\/\/valbare.it\/fr\/wp-json\/wp\/v2\/types\/page"}],"author":[{"embeddable":true,"href":"https:\/\/valbare.it\/fr\/wp-json\/wp\/v2\/users\/2"}],"replies":[{"embeddable":true,"href":"https:\/\/valbare.it\/fr\/wp-json\/wp\/v2\/comments?post=278"}],"version-history":[{"count":15,"href":"https:\/\/valbare.it\/fr\/wp-json\/wp\/v2\/pages\/278\/revisions"}],"predecessor-version":[{"id":687,"href":"https:\/\/valbare.it\/fr\/wp-json\/wp\/v2\/pages\/278\/revisions\/687"}],"wp:attachment":[{"href":"https:\/\/valbare.it\/fr\/wp-json\/wp\/v2\/media?parent=278"}],"curies":[{"name":"wp","href":"https:\/\/api.w.org\/{rel}","templated":true}]}}