{"id":203,"date":"2025-06-12T14:05:24","date_gmt":"2025-06-12T14:05:24","guid":{"rendered":"https:\/\/valbare.it\/?page_id=203"},"modified":"2025-09-10T17:21:55","modified_gmt":"2025-09-10T17:21:55","slug":"azienda-agricola","status":"publish","type":"page","link":"https:\/\/valbare.it\/fr\/azienda-agricola\/","title":{"rendered":"Azienda Agricola"},"content":{"rendered":"<section class=\"bde-section-203-100 bde-section\">\n              \n  \n  \n\t\n\n  <div class=\"section-background-overlay\"><\/div>\n\n\n<div class=\"section-container\"><h1 class=\"bde-heading-203-101 bde-heading\">\nLa terre nourrit, les animaux accompagnent, les saisons enseignent.\n<\/h1><div class=\"bde-div-203-103 bde-div\">\n  \n  \n\t\n\n\n\n<div class=\"bde-text-203-104 bde-text\">\nFaites d\u00e9filer vers le bas\n<\/div><div class=\"bde-image-203-105 bde-image\">\n<figure class=\"breakdance-image breakdance-image--49\">\n\t<div class=\"breakdance-image-container\">\n\t\t<div class=\"breakdance-image-clip\"><img loading=\"lazy\" decoding=\"async\" class=\"breakdance-image-object\" src=\"https:\/\/breakdancelibrary.com\/hotel\/wp-content\/uploads\/sites\/34\/2023\/02\/arrow-down-black-white.png\" width=\"7\" height=\"61\" sizes=\"auto, (max-width: 7px) 100vw, 7px\"><\/div>\n\t<\/div><\/figure>\n\n<\/div>\n<\/div><\/div>\n<\/section><section class=\"bde-section-203-106 bde-section radial-bg__top\">\n  \n  \n\t\n\n\n\n<div class=\"section-container\"><div class=\"bde-columns-203-107 bde-columns\"><div class=\"bde-column-203-108 bde-column\">\n  \n  \n\t\n\n\n\n<h1 class=\"bde-heading-203-109 bde-heading\">\nFerme\n<\/h1><div class=\"bde-text-203-110 bde-text\">\nUn agritourisme na\u00eet d\u2019abord de la terre \u2014 bien avant l\u2019accueil.\nValBar\u00e8 est une ferme agricole enracin\u00e9e dans huit hectares de collines, entre for\u00eats et vignobles, \u00e0 Fregona.<br><br>Cultiver et \u00e9lever ne sont pas des activit\u00e9s annexes, mais le c\u0153ur battant de tout ce que nous faisons :\nchaque geste du quotidien, chaque ingr\u00e9dient en cuisine, chaque produit en vente prend racine dans ce travail discret et constant.\n\nLa terre nous rend tout ce que nous lui donnons \u2014 avec patience.\n<\/div>\n<\/div><div class=\"bde-column-203-112 bde-column\">\n  \n  \n\t\n\n\n\n<div class=\"bde-image-203-113 bde-image\">\n<figure class=\"breakdance-image breakdance-image--185\">\n\t<div class=\"breakdance-image-container\">\n\t\t<div class=\"breakdance-image-clip\"><img loading=\"lazy\" decoding=\"async\" class=\"breakdance-image-object\" src=\"https:\/\/valbare.it\/wp-content\/uploads\/2025\/06\/valbare-coltivare-007.webp\" width=\"1200\" height=\"800\" srcset=\"https:\/\/valbare.it\/wp-content\/uploads\/2025\/06\/valbare-coltivare-007.webp 1200w, https:\/\/valbare.it\/wp-content\/uploads\/2025\/06\/valbare-coltivare-007-300x200.webp 300w, https:\/\/valbare.it\/wp-content\/uploads\/2025\/06\/valbare-coltivare-007-1024x683.webp 1024w, https:\/\/valbare.it\/wp-content\/uploads\/2025\/06\/valbare-coltivare-007-768x512.webp 768w\" sizes=\"auto, (max-width: 1200px) 100vw, 1200px\"><\/div>\n\t<\/div><\/figure>\n\n<\/div>\n<\/div><\/div><\/div>\n<\/section><section class=\"bde-section-203-168 bde-section radial-bg__top\">\n  \n  \n\t\n\n\n\n<div class=\"section-container\"><div class=\"bde-columns-203-169 bde-columns\"><div class=\"bde-column-203-170 bde-column\">\n  \n  \n\t\n\n\n\n<div class=\"bde-text-203-174 bde-text\">\nNous cultivons haricots, ma\u00efs, pommes de terre, tomates, figues, olives et bien plus encore,\nen suivant le rythme naturel des saisons. <br><br>Avec ces fruits de notre terre, nous pr\u00e9parons confitures et conserves \u2014 \u00e0 d\u00e9guster et acheter directement sur place.<br><br>C\u2019est une agriculture qui ne cherche pas la quantit\u00e9, mais la qualit\u00e9.<br><br>Une agriculture respectueuse du cycle de vie de chaque plante.\n<\/div>\n<\/div><div class=\"bde-column-203-175 bde-column\">\n  \n  \n\t\n\n\n\n<div class=\"bde-image-203-176 bde-image\">\n<figure class=\"breakdance-image breakdance-image--163\">\n\t<div class=\"breakdance-image-container\">\n\t\t<div class=\"breakdance-image-clip\"><img loading=\"lazy\" decoding=\"async\" class=\"breakdance-image-object\" src=\"https:\/\/valbare.it\/wp-content\/uploads\/2025\/06\/valbare-quotidiano-001.webp\" width=\"1200\" height=\"1600\" srcset=\"https:\/\/valbare.it\/wp-content\/uploads\/2025\/06\/valbare-quotidiano-001.webp 1200w, https:\/\/valbare.it\/wp-content\/uploads\/2025\/06\/valbare-quotidiano-001-225x300.webp 225w, https:\/\/valbare.it\/wp-content\/uploads\/2025\/06\/valbare-quotidiano-001-768x1024.webp 768w, https:\/\/valbare.it\/wp-content\/uploads\/2025\/06\/valbare-quotidiano-001-1152x1536.webp 1152w\" sizes=\"auto, (max-width: 1200px) 100vw, 1200px\"><\/div>\n\t<\/div><\/figure>\n\n<\/div>\n<\/div><\/div><\/div>\n<\/section><section class=\"bde-section-203-177 bde-section radial-bg__top\">\n  \n  \n\t\n\n\n\n<div class=\"section-container\"><div class=\"bde-columns-203-178 bde-columns\"><div class=\"bde-column-203-179 bde-column\">\n  \n  \n\t\n\n\n\n<h1 class=\"bde-heading-203-180 bde-heading\">\nLes animaux\n<\/h1><div class=\"bde-text-203-181 bde-text\">\nIci, \u00e0 ValBar\u00e8, nous ne sommes jamais seuls.<br><br>Ch\u00e8vres, moutons, \u00e2nes, poules, dindes, canards\u2026\nMais aussi chiens et chats : notre ferme est bien vivante, habit\u00e9e par des pr\u00e9sences qui rythment nos journ\u00e9es.<br><br>Des animaux qui partagent avec nous le temps, l\u2019espace \u2014 et parfois m\u00eame, avec respect et gratitude, le voyage jusqu\u2019\u00e0 la table.<br><br>Ceux qui s\u00e9journent chez nous le sentent tout de suite: ici, chaque \u00eatre vivant a un r\u00f4le, un nom, une histoire.\n<\/div>\n<\/div><div class=\"bde-column-203-182 bde-column\">\n  \n  \n\t\n\n\n\n<div class=\"bde-image-203-183 bde-image\">\n<figure class=\"breakdance-image breakdance-image--208\">\n\t<div class=\"breakdance-image-container\">\n\t\t<div class=\"breakdance-image-clip\"><img loading=\"lazy\" decoding=\"async\" class=\"breakdance-image-object\" src=\"https:\/\/valbare.it\/wp-content\/uploads\/2025\/06\/agriturismo-animali-007.webp\" width=\"1600\" height=\"1200\" srcset=\"https:\/\/valbare.it\/wp-content\/uploads\/2025\/06\/agriturismo-animali-007.webp 1600w, https:\/\/valbare.it\/wp-content\/uploads\/2025\/06\/agriturismo-animali-007-300x225.webp 300w, https:\/\/valbare.it\/wp-content\/uploads\/2025\/06\/agriturismo-animali-007-1024x768.webp 1024w, https:\/\/valbare.it\/wp-content\/uploads\/2025\/06\/agriturismo-animali-007-768x576.webp 768w, https:\/\/valbare.it\/wp-content\/uploads\/2025\/06\/agriturismo-animali-007-1536x1152.webp 1536w\" sizes=\"auto, (max-width: 1600px) 100vw, 1600px\"><\/div>\n\t<\/div><\/figure>\n\n<\/div>\n<\/div><\/div><div class=\"bde-columns-203-184 bde-columns\"><div class=\"bde-column-203-185 bde-column\">\n  \n  \n\t\n\n\n\n<div class=\"bde-image-203-189 bde-image\">\n<figure class=\"breakdance-image breakdance-image--513\">\n\t<div class=\"breakdance-image-container\">\n\t\t<div class=\"breakdance-image-clip\"><img loading=\"lazy\" decoding=\"async\" class=\"breakdance-image-object\" src=\"https:\/\/valbare.it\/wp-content\/uploads\/2025\/07\/valbare-animali-gatto-001.webp\" width=\"768\" height=\"1024\" srcset=\"https:\/\/valbare.it\/wp-content\/uploads\/2025\/07\/valbare-animali-gatto-001.webp 768w, https:\/\/valbare.it\/wp-content\/uploads\/2025\/07\/valbare-animali-gatto-001-225x300.webp 225w\" sizes=\"auto, (max-width: 768px) 100vw, 768px\"><\/div>\n\t<\/div><\/figure>\n\n<\/div>\n<\/div><div class=\"bde-column-203-186 bde-column\">\n  \n  \n\t\n\n\n\n<div class=\"bde-image-203-190 bde-image\">\n<figure class=\"breakdance-image breakdance-image--512\">\n\t<div class=\"breakdance-image-container\">\n\t\t<div class=\"breakdance-image-clip\"><img loading=\"lazy\" decoding=\"async\" class=\"breakdance-image-object\" src=\"https:\/\/valbare.it\/wp-content\/uploads\/2025\/07\/valbare-animali-capre-001.webp\" width=\"768\" height=\"1024\" srcset=\"https:\/\/valbare.it\/wp-content\/uploads\/2025\/07\/valbare-animali-capre-001.webp 768w, https:\/\/valbare.it\/wp-content\/uploads\/2025\/07\/valbare-animali-capre-001-225x300.webp 225w\" sizes=\"auto, (max-width: 768px) 100vw, 768px\"><\/div>\n\t<\/div><\/figure>\n\n<\/div>\n<\/div><div class=\"bde-column-203-187 bde-column\">\n  \n  \n\t\n\n\n\n<div class=\"bde-image-203-191 bde-image\">\n<figure class=\"breakdance-image breakdance-image--511\">\n\t<div class=\"breakdance-image-container\">\n\t\t<div class=\"breakdance-image-clip\"><img loading=\"lazy\" decoding=\"async\" class=\"breakdance-image-object\" src=\"https:\/\/valbare.it\/wp-content\/uploads\/2025\/07\/valbare-animali-oche-001.webp\" width=\"768\" height=\"1024\" srcset=\"https:\/\/valbare.it\/wp-content\/uploads\/2025\/07\/valbare-animali-oche-001.webp 768w, https:\/\/valbare.it\/wp-content\/uploads\/2025\/07\/valbare-animali-oche-001-225x300.webp 225w\" sizes=\"auto, (max-width: 768px) 100vw, 768px\"><\/div>\n\t<\/div><\/figure>\n\n<\/div>\n<\/div><\/div><div class=\"bde-columns-203-192 bde-columns\"><div class=\"bde-column-203-193 bde-column\">\n  \n  \n\t\n\n\n\n<div class=\"bde-image-203-194 bde-image\">\n<figure class=\"breakdance-image breakdance-image--514\">\n\t<div class=\"breakdance-image-container\">\n\t\t<div class=\"breakdance-image-clip\"><img loading=\"lazy\" decoding=\"async\" class=\"breakdance-image-object\" src=\"https:\/\/valbare.it\/wp-content\/uploads\/2025\/07\/valbare-animali-pecore-001.webp\" width=\"1024\" height=\"768\" srcset=\"https:\/\/valbare.it\/wp-content\/uploads\/2025\/07\/valbare-animali-pecore-001.webp 1024w, https:\/\/valbare.it\/wp-content\/uploads\/2025\/07\/valbare-animali-pecore-001-300x225.webp 300w, https:\/\/valbare.it\/wp-content\/uploads\/2025\/07\/valbare-animali-pecore-001-768x576.webp 768w\" sizes=\"auto, (max-width: 1024px) 100vw, 1024px\"><\/div>\n\t<\/div><\/figure>\n\n<\/div>\n<\/div><\/div><\/div>\n<\/section>","protected":false},"excerpt":{"rendered":"<p>La terra nutre, gli animali accompagnano, le stagioni insegnano. SCORRI VERSO IL BASSO Azienda agricola Un agriturismo nasce dalla terra, prima ancora che dall\u2019ospitalit\u00e0. ValBar\u00e8 \u00e8 un\u2019azienda agricola, radicata in otto ettari di terreno collinare tra i boschi e i vigneti di Fregona.Coltivare e allevare non sono un\u2019attivit\u00e0 accessoria, ma il cuore pulsante di tutto: [&hellip;]<\/p>","protected":false},"author":1,"featured_media":0,"parent":0,"menu_order":5,"comment_status":"closed","ping_status":"closed","template":"","meta":{"_breakdance_hide_in_design_set":false,"_breakdance_tags":"","footnotes":""},"class_list":["post-203","page","type-page","status-publish","hentry"],"aioseo_notices":[],"_links":{"self":[{"href":"https:\/\/valbare.it\/fr\/wp-json\/wp\/v2\/pages\/203","targetHints":{"allow":["GET"]}}],"collection":[{"href":"https:\/\/valbare.it\/fr\/wp-json\/wp\/v2\/pages"}],"about":[{"href":"https:\/\/valbare.it\/fr\/wp-json\/wp\/v2\/types\/page"}],"author":[{"embeddable":true,"href":"https:\/\/valbare.it\/fr\/wp-json\/wp\/v2\/users\/1"}],"replies":[{"embeddable":true,"href":"https:\/\/valbare.it\/fr\/wp-json\/wp\/v2\/comments?post=203"}],"version-history":[{"count":15,"href":"https:\/\/valbare.it\/fr\/wp-json\/wp\/v2\/pages\/203\/revisions"}],"predecessor-version":[{"id":528,"href":"https:\/\/valbare.it\/fr\/wp-json\/wp\/v2\/pages\/203\/revisions\/528"}],"wp:attachment":[{"href":"https:\/\/valbare.it\/fr\/wp-json\/wp\/v2\/media?parent=203"}],"curies":[{"name":"wp","href":"https:\/\/api.w.org\/{rel}","templated":true}]}}