{"id":20,"date":"2025-05-27T14:12:05","date_gmt":"2025-05-27T14:12:05","guid":{"rendered":"https:\/\/valbare.it\/home\/"},"modified":"2025-09-10T17:29:00","modified_gmt":"2025-09-10T17:29:00","slug":"ristorante","status":"publish","type":"page","link":"https:\/\/valbare.it\/fr\/ristorante\/","title":{"rendered":"Restaurant"},"content":{"rendered":"<section class=\"bde-section-20-188 bde-section\">\n              \n  \n  \n\t\n\n  <div class=\"section-background-overlay\"><\/div>\n\n\n<div class=\"section-container\"><h1 class=\"bde-heading-20-189 bde-heading\">\nChaque assiette raconte une histoire cultiv\u00e9e \u00e0 la main\n<\/h1><div class=\"bde-div-20-191 bde-div\">\n  \n  \n\t\n\n\n\n<div class=\"bde-text-20-192 bde-text\">\nFaites d\u00e9filer vers le bas\n<\/div><div class=\"bde-image-20-193 bde-image\">\n<figure class=\"breakdance-image breakdance-image--49\">\n\t<div class=\"breakdance-image-container\">\n\t\t<div class=\"breakdance-image-clip\"><img loading=\"lazy\" decoding=\"async\" class=\"breakdance-image-object\" src=\"https:\/\/breakdancelibrary.com\/hotel\/wp-content\/uploads\/sites\/34\/2023\/02\/arrow-down-black-white.png\" width=\"7\" height=\"61\" sizes=\"auto, (max-width: 7px) 100vw, 7px\"><\/div>\n\t<\/div><\/figure>\n\n<\/div>\n<\/div><\/div>\n<\/section><section class=\"bde-section-20-100 bde-section radial-bg__top\">\n  \n  \n\t\n\n\n\n<div class=\"section-container\"><div class=\"bde-columns-20-102 bde-columns\"><div class=\"bde-column-20-103 bde-column\">\n  \n  \n\t\n\n\n\n<h1 class=\"bde-heading-20-105 bde-heading\">\nUne cuisine d\u2019agritourisme\n<\/h1><div class=\"bde-text-20-106 bde-text\">\nNous vous proposons une cuisine maison, issue de notre propre production, qui \u00e9volue au rythme des saisons \u2014 avec toujours une touche d\u2019originalit\u00e9.<br>\n<\/div><div class=\"bde-button-20-266 bde-button\">\n    \n                                    \n    \n    \n    \n    \n            \n                    \n            \n            \n\n    \n    \n    \n    \n    \n    <a class=\"breakdance-link button-atom button-atom--primary bde-button__button\" href=\"https:\/\/valbare.it\/fr\/contatti-prenotazione-ristorante\/\" target=\"_self\" data-type=\"url\"  >\n\n    \n        <span class=\"button-atom__text\">R\u00e9server<\/span>\n\n        \n        \n                <\/a>\n\n    \n\n\n<\/div>\n<\/div><div class=\"bde-column-20-104 bde-column\">\n  \n  \n\t\n\n\n\n<div class=\"bde-image-20-109 bde-image\">\n<figure class=\"breakdance-image breakdance-image--177\">\n\t<div class=\"breakdance-image-container\">\n\t\t<div class=\"breakdance-image-clip\"><img loading=\"lazy\" decoding=\"async\" class=\"breakdance-image-object\" src=\"https:\/\/valbare.it\/wp-content\/uploads\/2025\/06\/ristorante-ristorante-007.webp\" width=\"1067\" height=\"1600\" srcset=\"https:\/\/valbare.it\/wp-content\/uploads\/2025\/06\/ristorante-ristorante-007.webp 1067w, https:\/\/valbare.it\/wp-content\/uploads\/2025\/06\/ristorante-ristorante-007-200x300.webp 200w, https:\/\/valbare.it\/wp-content\/uploads\/2025\/06\/ristorante-ristorante-007-683x1024.webp 683w, https:\/\/valbare.it\/wp-content\/uploads\/2025\/06\/ristorante-ristorante-007-768x1152.webp 768w, https:\/\/valbare.it\/wp-content\/uploads\/2025\/06\/ristorante-ristorante-007-1024x1536.webp 1024w\" sizes=\"auto, (max-width: 1067px) 100vw, 1067px\"><\/div>\n\t<\/div><\/figure>\n\n<\/div>\n<\/div><\/div><\/div>\n<\/section><section class=\"bde-section-20-110 bde-section\">\n  \n  \n\t\n\n\n\n<div class=\"section-container\"><h1 class=\"bde-heading-20-194 bde-heading\">\nDe la terre \u00e0 l\u2019assiette\n<\/h1><div class=\"bde-columns-20-114 bde-columns\"><div class=\"bde-column-20-115 bde-column\">\n  \n  \n\t\n\n\n\n<h2 class=\"bde-heading-20-118 bde-heading\">\nNous cultivons et \u00e9levons tout ce que vous retrouvez dans l\u2019assiette.\n<\/h2><div class=\"bde-text-20-119 bde-text\">\nNous cultivons et \u00e9levons tout ce que vous retrouvez dans l\u2019assiette.\nNotre histoire commence entre les mottes humides du potager et le souffle chaud de l\u2019\u00e9table.\nChez nous, on ne \u201cproduit\u201d pas \u2014 on cultive avec respect.\nOn \"n'\u00e9l\u00e8ve\u201d pas des animaux \u2014 on grandit ensemble, en suivant le rythme lent et sinc\u00e8re de la nature. <br><br>Chaque graine, chaque geste, chaque attente fait partie d\u2019un \u00e9quilibre que nous refusons de forcer.\nCar avant d\u2019\u00eatre de la nourriture, c\u2019est de la vie.\nEt la vie a le go\u00fbt des choses faites avec soin. \n<\/div>\n<\/div><div class=\"bde-column-20-116 bde-column\">\n  \n  \n\t\n\n\n\n<img decoding=\"async\" class=\"bde-image2-20-227 bde-image2\" src=\"https:\/\/valbare.it\/wp-content\/uploads\/2025\/07\/EU_Organic_Logo_Colour_rgb.jpg\" loading=\"lazy\" srcset=\"https:\/\/valbare.it\/wp-content\/uploads\/2025\/07\/EU_Organic_Logo_Colour_rgb.jpg 500w, https:\/\/valbare.it\/wp-content\/uploads\/2025\/07\/EU_Organic_Logo_Colour_rgb-300x200.jpg 300w\" sizes=\"(max-width: 500px) 100vw, 500px\"><div class=\"bde-text-20-228 bde-text\">\nLa certification EU Organic garantit que chaque ingr\u00e9dient utilis\u00e9 dans nos plats provient de cultures biologiques contr\u00f4l\u00e9es, cultiv\u00e9es et suivies directement par nos soins. <br><br>Chaque jour, nous nous engageons \u00e0 maintenir des standards \u00e9lev\u00e9s de qualit\u00e9, de tra\u00e7abilit\u00e9 et de respect de l\u2019environnement \u2014 pour vous offrir une exp\u00e9rience gastronomique \u00e0 la fois authentique et saine.\n<\/div>\n<\/div><\/div><div class=\"bde-columns-20-219 bde-columns\"><div class=\"bde-column-20-220 bde-column\">\n  \n  \n\t\n\n\n\n<div class=\"bde-image-20-221 bde-image\">\n<figure class=\"breakdance-image breakdance-image--184\">\n\t<div class=\"breakdance-image-container\">\n\t\t<div class=\"breakdance-image-clip\"><img loading=\"lazy\" decoding=\"async\" class=\"breakdance-image-object\" src=\"https:\/\/valbare.it\/wp-content\/uploads\/2025\/06\/valbare-coltivare-008.webp\" width=\"800\" height=\"1200\" srcset=\"https:\/\/valbare.it\/wp-content\/uploads\/2025\/06\/valbare-coltivare-008.webp 800w, https:\/\/valbare.it\/wp-content\/uploads\/2025\/06\/valbare-coltivare-008-200x300.webp 200w, https:\/\/valbare.it\/wp-content\/uploads\/2025\/06\/valbare-coltivare-008-683x1024.webp 683w, https:\/\/valbare.it\/wp-content\/uploads\/2025\/06\/valbare-coltivare-008-768x1152.webp 768w\" sizes=\"auto, (max-width: 800px) 100vw, 800px\"><\/div>\n\t<\/div><\/figure>\n\n<\/div>\n<\/div><div class=\"bde-column-20-222 bde-column\">\n  \n  \n\t\n\n\n\n<div class=\"bde-image-20-225 bde-image\">\n<figure class=\"breakdance-image breakdance-image--186\">\n\t<div class=\"breakdance-image-container\">\n\t\t<div class=\"breakdance-image-clip\"><img loading=\"lazy\" decoding=\"async\" class=\"breakdance-image-object\" src=\"https:\/\/valbare.it\/wp-content\/uploads\/2025\/06\/valbare-coltivare-006.webp\" width=\"1600\" height=\"1200\" srcset=\"https:\/\/valbare.it\/wp-content\/uploads\/2025\/06\/valbare-coltivare-006.webp 1600w, https:\/\/valbare.it\/wp-content\/uploads\/2025\/06\/valbare-coltivare-006-300x225.webp 300w, https:\/\/valbare.it\/wp-content\/uploads\/2025\/06\/valbare-coltivare-006-1024x768.webp 1024w, https:\/\/valbare.it\/wp-content\/uploads\/2025\/06\/valbare-coltivare-006-768x576.webp 768w, https:\/\/valbare.it\/wp-content\/uploads\/2025\/06\/valbare-coltivare-006-1536x1152.webp 1536w\" sizes=\"auto, (max-width: 1600px) 100vw, 1600px\"><\/div>\n\t<\/div><\/figure>\n\n<\/div><div class=\"bde-image-20-226 bde-image\">\n<figure class=\"breakdance-image breakdance-image--65\">\n\t<div class=\"breakdance-image-container\">\n\t\t<div class=\"breakdance-image-clip\"><img loading=\"lazy\" decoding=\"async\" class=\"breakdance-image-object\" src=\"https:\/\/valbare.it\/wp-content\/uploads\/2025\/06\/agriturismo-animali-002.webp\" width=\"1120\" height=\"1600\" srcset=\"https:\/\/valbare.it\/wp-content\/uploads\/2025\/06\/agriturismo-animali-002.webp 1120w, https:\/\/valbare.it\/wp-content\/uploads\/2025\/06\/agriturismo-animali-002-210x300.webp 210w, https:\/\/valbare.it\/wp-content\/uploads\/2025\/06\/agriturismo-animali-002-717x1024.webp 717w, https:\/\/valbare.it\/wp-content\/uploads\/2025\/06\/agriturismo-animali-002-768x1097.webp 768w, https:\/\/valbare.it\/wp-content\/uploads\/2025\/06\/agriturismo-animali-002-1075x1536.webp 1075w\" sizes=\"auto, (max-width: 1120px) 100vw, 1120px\"><\/div>\n\t<\/div><\/figure>\n\n<\/div>\n<\/div><\/div><div class=\"bde-columns-20-195 bde-columns\"><div class=\"bde-column-20-198 bde-column\">\n  \n  \n\t\n\n\n\n<h2 class=\"bde-heading-20-199 bde-heading\">\nPassez la porte de notre cuisine\n<\/h2><div class=\"bde-text-20-200 bde-text\">\nD\u00e8s qu\u2019on franchit le seuil, on entre dans un autre temps.\nIci, le parfum des plats se m\u00eale au silence des gestes s\u00fbrs, \u00e0 la musique des casseroles, au rythme r\u00e9gulier du couteau sur la planche.<br><br>Chaque plat na\u00eet comme on \u00e9crit une lettre : avec intention, passion et m\u00e9moire.\nLes recettes se transforment, tout en restant fid\u00e8les \u00e0 la tradition.\nElles racontent notre histoire, nos voyages, nos rencontres \u2014 et ce petit quelque chose qui nous rend uniques. \n<\/div><div class=\"bde-image-20-201 bde-image\">\n<figure class=\"breakdance-image breakdance-image--195\">\n\t<div class=\"breakdance-image-container\">\n\t\t<div class=\"breakdance-image-clip\"><img loading=\"lazy\" decoding=\"async\" class=\"breakdance-image-object\" src=\"https:\/\/valbare.it\/wp-content\/uploads\/2025\/06\/valbare-cucina-001-scaled.webp\" width=\"1707\" height=\"2560\" srcset=\"https:\/\/valbare.it\/wp-content\/uploads\/2025\/06\/valbare-cucina-001-scaled.webp 1707w, https:\/\/valbare.it\/wp-content\/uploads\/2025\/06\/valbare-cucina-001-200x300.webp 200w, https:\/\/valbare.it\/wp-content\/uploads\/2025\/06\/valbare-cucina-001-683x1024.webp 683w, https:\/\/valbare.it\/wp-content\/uploads\/2025\/06\/valbare-cucina-001-768x1152.webp 768w, https:\/\/valbare.it\/wp-content\/uploads\/2025\/06\/valbare-cucina-001-1024x1536.webp 1024w, https:\/\/valbare.it\/wp-content\/uploads\/2025\/06\/valbare-cucina-001-1365x2048.webp 1365w\" sizes=\"auto, (max-width: 1707px) 100vw, 1707px\"><\/div>\n\t<\/div><\/figure>\n\n<\/div>\n<\/div><div class=\"bde-column-20-196 bde-column\">\n  \n  \n\t\n\n\n\n<div class=\"bde-image-20-197 bde-image\">\n<figure class=\"breakdance-image breakdance-image--193\">\n\t<div class=\"breakdance-image-container\">\n\t\t<div class=\"breakdance-image-clip\"><img loading=\"lazy\" decoding=\"async\" class=\"breakdance-image-object\" src=\"https:\/\/valbare.it\/wp-content\/uploads\/2025\/06\/valbare-cucina-003.webp\" width=\"1200\" height=\"1600\" srcset=\"https:\/\/valbare.it\/wp-content\/uploads\/2025\/06\/valbare-cucina-003.webp 1200w, https:\/\/valbare.it\/wp-content\/uploads\/2025\/06\/valbare-cucina-003-225x300.webp 225w, https:\/\/valbare.it\/wp-content\/uploads\/2025\/06\/valbare-cucina-003-768x1024.webp 768w, https:\/\/valbare.it\/wp-content\/uploads\/2025\/06\/valbare-cucina-003-1152x1536.webp 1152w\" sizes=\"auto, (max-width: 1200px) 100vw, 1200px\"><\/div>\n\t<\/div><\/figure>\n\n<\/div>\n<\/div><\/div><div class=\"bde-columns-20-259 bde-columns\"><div class=\"bde-column-20-260 bde-column\">\n  \n  \n\t\n\n\n\n<h2 class=\"bde-heading-20-261 bde-heading\">\nSavourez \u00e0 table\n<\/h2><div class=\"bde-text-20-262 bde-text\">\nS\u2019asseoir \u00e0 table, c\u2019est bien plus qu\u2019un geste du quotidien.<br>C\u2019est le moment o\u00f9 tout prend sens : la fatigue, l\u2019attente, le soin.\nC\u2019est l\u2019aboutissement d\u2019un chemin fait de mains pleines de terre et de c\u0153urs remplis d\u2019intention.<br><br>En mangeant, vous entendez un r\u00e9cit.<br>La douceur d\u2019un l\u00e9gume m\u00fbri au soleil, la force tranquille d\u2019une viande \u00e9lev\u00e9e avec respect, l\u2019ar\u00f4me d\u2019une recette venue de loin.<br><br>\u00c0 ValBar\u00e8, chaque bouch\u00e9e est une page \u00e0 savourer, chaque repas une invitation \u00e0 revenir.\n<\/div>\n<\/div><div class=\"bde-column-20-263 bde-column\">\n  \n  \n\t\n\n\n\n<div class=\"bde-image-20-210 bde-image\">\n<figure class=\"breakdance-image breakdance-image--174\">\n\t<div class=\"breakdance-image-container\">\n\t\t<div class=\"breakdance-image-clip\"><img loading=\"lazy\" decoding=\"async\" class=\"breakdance-image-object\" src=\"https:\/\/valbare.it\/wp-content\/uploads\/2025\/06\/ristorante-ristorante-010.webp\" width=\"1067\" height=\"1600\" srcset=\"https:\/\/valbare.it\/wp-content\/uploads\/2025\/06\/ristorante-ristorante-010.webp 1067w, https:\/\/valbare.it\/wp-content\/uploads\/2025\/06\/ristorante-ristorante-010-200x300.webp 200w, https:\/\/valbare.it\/wp-content\/uploads\/2025\/06\/ristorante-ristorante-010-683x1024.webp 683w, https:\/\/valbare.it\/wp-content\/uploads\/2025\/06\/ristorante-ristorante-010-768x1152.webp 768w, https:\/\/valbare.it\/wp-content\/uploads\/2025\/06\/ristorante-ristorante-010-1024x1536.webp 1024w\" sizes=\"auto, (max-width: 1067px) 100vw, 1067px\"><\/div>\n\t<\/div><\/figure>\n\n<\/div>\n<\/div><\/div><div class=\"bde-columns-20-203 bde-columns\"><div class=\"bde-column-20-204 bde-column\">\n  \n  \n\t\n\n\n\n<div class=\"bde-image-20-207 bde-image\">\n<figure class=\"breakdance-image breakdance-image--176\">\n\t<div class=\"breakdance-image-container\">\n\t\t<div class=\"breakdance-image-clip\"><img loading=\"lazy\" decoding=\"async\" class=\"breakdance-image-object\" src=\"https:\/\/valbare.it\/wp-content\/uploads\/2025\/06\/ristorante-ristorante-008.webp\" width=\"1067\" height=\"1600\" srcset=\"https:\/\/valbare.it\/wp-content\/uploads\/2025\/06\/ristorante-ristorante-008.webp 1067w, https:\/\/valbare.it\/wp-content\/uploads\/2025\/06\/ristorante-ristorante-008-200x300.webp 200w, https:\/\/valbare.it\/wp-content\/uploads\/2025\/06\/ristorante-ristorante-008-683x1024.webp 683w, https:\/\/valbare.it\/wp-content\/uploads\/2025\/06\/ristorante-ristorante-008-768x1152.webp 768w, https:\/\/valbare.it\/wp-content\/uploads\/2025\/06\/ristorante-ristorante-008-1024x1536.webp 1024w\" sizes=\"auto, (max-width: 1067px) 100vw, 1067px\"><\/div>\n\t<\/div><\/figure>\n\n<\/div>\n<\/div><div class=\"bde-column-20-208 bde-column\">\n  \n  \n\t\n\n\n\n<div class=\"bde-image-20-209 bde-image\">\n<figure class=\"breakdance-image breakdance-image--179\">\n\t<div class=\"breakdance-image-container\">\n\t\t<div class=\"breakdance-image-clip\"><img loading=\"lazy\" decoding=\"async\" class=\"breakdance-image-object\" src=\"https:\/\/valbare.it\/wp-content\/uploads\/2025\/06\/ristorante-ristorante-005.webp\" width=\"801\" height=\"1200\" srcset=\"https:\/\/valbare.it\/wp-content\/uploads\/2025\/06\/ristorante-ristorante-005.webp 801w, https:\/\/valbare.it\/wp-content\/uploads\/2025\/06\/ristorante-ristorante-005-200x300.webp 200w, https:\/\/valbare.it\/wp-content\/uploads\/2025\/06\/ristorante-ristorante-005-684x1024.webp 684w, https:\/\/valbare.it\/wp-content\/uploads\/2025\/06\/ristorante-ristorante-005-768x1151.webp 768w\" sizes=\"auto, (max-width: 801px) 100vw, 801px\"><\/div>\n\t<\/div><\/figure>\n\n<\/div>\n<\/div><\/div><\/div>\n<\/section><section class=\"bde-section-20-131 bde-section\">\n  \n  \n\t\n\n\n\n<div class=\"section-container\"><div class=\"bde-columns-20-132 bde-columns\"><div class=\"bde-column-20-133 bde-column\">\n              \n  \n  \n\t\n\n  <div class=\"section-background-overlay\"><\/div>\n\n\n\n<\/div><div class=\"bde-column-20-134 bde-column\">\n  \n  \n\t\n\n\n\n<div class=\"bde-image-20-140 bde-image\">\n<figure class=\"breakdance-image breakdance-image--170\">\n\t<div class=\"breakdance-image-container\">\n\t\t<div class=\"breakdance-image-clip\"><img loading=\"lazy\" decoding=\"async\" class=\"breakdance-image-object\" src=\"https:\/\/valbare.it\/wp-content\/uploads\/2025\/06\/ristorante-ristorante-014.webp\" width=\"1067\" height=\"1600\" srcset=\"https:\/\/valbare.it\/wp-content\/uploads\/2025\/06\/ristorante-ristorante-014.webp 1067w, https:\/\/valbare.it\/wp-content\/uploads\/2025\/06\/ristorante-ristorante-014-200x300.webp 200w, https:\/\/valbare.it\/wp-content\/uploads\/2025\/06\/ristorante-ristorante-014-683x1024.webp 683w, https:\/\/valbare.it\/wp-content\/uploads\/2025\/06\/ristorante-ristorante-014-768x1152.webp 768w, https:\/\/valbare.it\/wp-content\/uploads\/2025\/06\/ristorante-ristorante-014-1024x1536.webp 1024w\" sizes=\"auto, (max-width: 1067px) 100vw, 1067px\"><\/div>\n\t<\/div><\/figure>\n\n<\/div><div class=\"bde-div-20-141 bde-div\">\n  \n  \n\t\n\n\n\n\n<\/div>\n<\/div><div class=\"bde-column-20-135 bde-column\">\n  \n  \n\t\n\n\n\n<div class=\"bde-div-20-143 bde-div\">\n  \n  \n\t\n\n\n\n\n<\/div><div class=\"bde-image-20-145 bde-image\">\n<figure class=\"breakdance-image breakdance-image--175\">\n\t<div class=\"breakdance-image-container\">\n\t\t<div class=\"breakdance-image-clip\"><img loading=\"lazy\" decoding=\"async\" class=\"breakdance-image-object\" src=\"https:\/\/valbare.it\/wp-content\/uploads\/2025\/06\/ristorante-ristorante-009.webp\" width=\"1067\" height=\"1600\" srcset=\"https:\/\/valbare.it\/wp-content\/uploads\/2025\/06\/ristorante-ristorante-009.webp 1067w, https:\/\/valbare.it\/wp-content\/uploads\/2025\/06\/ristorante-ristorante-009-200x300.webp 200w, https:\/\/valbare.it\/wp-content\/uploads\/2025\/06\/ristorante-ristorante-009-683x1024.webp 683w, https:\/\/valbare.it\/wp-content\/uploads\/2025\/06\/ristorante-ristorante-009-768x1152.webp 768w, https:\/\/valbare.it\/wp-content\/uploads\/2025\/06\/ristorante-ristorante-009-1024x1536.webp 1024w\" sizes=\"auto, (max-width: 1067px) 100vw, 1067px\"><\/div>\n\t<\/div><\/figure>\n\n<\/div>\n<\/div><div class=\"bde-column-20-136 bde-column\">\n              \n  \n  \n\t\n\n  <div class=\"section-background-overlay\"><\/div>\n\n\n\n<\/div><\/div><\/div>\n<\/section><section class=\"bde-section-20-150 bde-section radial-bg__middle\">\n  \n  \n\t\n\n\n\n<div class=\"section-container\"><div class=\"bde-columns-20-151 bde-columns\"><div class=\"bde-column-20-152 bde-column\">\n  \n  \n\t\n\n\n\n<h2 class=\"bde-heading-20-154 bde-heading\">\nLes espaces\n<\/h2><div class=\"bde-text-20-155 bde-text\">\nUne seule salle, intime et baign\u00e9e de lumi\u00e8re, avec des fen\u00eatres ouvertes sur le vert des collines. <br><br>L\u2019atmosph\u00e8re invite \u00e0 prendre son temps, entre paroles, silences, et le parfum r\u00e9confortant des plats fra\u00eechement pr\u00e9par\u00e9s.\n<\/div><div class=\"bde-button-20-156 bde-button\">\n    \n                                    \n    \n    \n    \n    \n            \n                    \n            \n            \n\n    \n    \n    \n    \n    \n    <a class=\"breakdance-link button-atom button-atom--primary bde-button__button\" href=\"https:\/\/valbare.it\/fr\/contatti-prenotazione-ristorante\/\" target=\"_self\" data-type=\"url\"  >\n\n    \n        <span class=\"button-atom__text\">R\u00e9server<\/span>\n\n        \n        \n                <\/a>\n\n    \n\n\n<\/div>\n<\/div><div class=\"bde-column-20-153 bde-column\">\n  \n  \n\t\n\n\n\n<div class=\"bde-image-20-157 bde-image\">\n<figure class=\"breakdance-image breakdance-image--171\">\n\t<div class=\"breakdance-image-container\">\n\t\t<div class=\"breakdance-image-clip\"><img loading=\"lazy\" decoding=\"async\" class=\"breakdance-image-object\" src=\"https:\/\/valbare.it\/wp-content\/uploads\/2025\/06\/ristorante-ristorante-013.webp\" width=\"1600\" height=\"1200\" srcset=\"https:\/\/valbare.it\/wp-content\/uploads\/2025\/06\/ristorante-ristorante-013.webp 1600w, https:\/\/valbare.it\/wp-content\/uploads\/2025\/06\/ristorante-ristorante-013-300x225.webp 300w, https:\/\/valbare.it\/wp-content\/uploads\/2025\/06\/ristorante-ristorante-013-1024x768.webp 1024w, https:\/\/valbare.it\/wp-content\/uploads\/2025\/06\/ristorante-ristorante-013-768x576.webp 768w, https:\/\/valbare.it\/wp-content\/uploads\/2025\/06\/ristorante-ristorante-013-1536x1152.webp 1536w\" sizes=\"auto, (max-width: 1600px) 100vw, 1600px\"><\/div>\n\t<\/div><\/figure>\n\n<\/div>\n<\/div><\/div><div class=\"bde-columns-20-212 bde-columns\"><div class=\"bde-column-20-217 bde-column\">\n  \n  \n\t\n\n\n\n<div class=\"bde-image-20-218 bde-image\">\n<figure class=\"breakdance-image breakdance-image--172\">\n\t<div class=\"breakdance-image-container\">\n\t\t<div class=\"breakdance-image-clip\"><img loading=\"lazy\" decoding=\"async\" class=\"breakdance-image-object\" src=\"https:\/\/valbare.it\/wp-content\/uploads\/2025\/06\/ristorante-ristorante-012.webp\" width=\"1067\" height=\"1600\" srcset=\"https:\/\/valbare.it\/wp-content\/uploads\/2025\/06\/ristorante-ristorante-012.webp 1067w, https:\/\/valbare.it\/wp-content\/uploads\/2025\/06\/ristorante-ristorante-012-200x300.webp 200w, https:\/\/valbare.it\/wp-content\/uploads\/2025\/06\/ristorante-ristorante-012-683x1024.webp 683w, https:\/\/valbare.it\/wp-content\/uploads\/2025\/06\/ristorante-ristorante-012-768x1152.webp 768w, https:\/\/valbare.it\/wp-content\/uploads\/2025\/06\/ristorante-ristorante-012-1024x1536.webp 1024w\" sizes=\"auto, (max-width: 1067px) 100vw, 1067px\"><\/div>\n\t<\/div><\/figure>\n\n<\/div>\n<\/div><div class=\"bde-column-20-213 bde-column\">\n  \n  \n\t\n\n\n\n<h2 class=\"bde-heading-20-214 bde-heading\">\nEn \u00e9t\u00e9, on mange aussi en plein air\n<\/h2><div class=\"bde-text-20-215 bde-text\">\nSous la pergola, l\u2019ombre parfaite accompagne des plats sinc\u00e8res et des verres bien remplis.\nAutour, les collines dessinent l\u2019horizon. Et quand l\u2019air est limpide, entre deux bouch\u00e9es, le regard peut m\u00eame atteindre Venise. <br><br>La belle saison se savoure lentement \u2014 entre nature, silence et \u00e9merveillement.\n<\/div><div class=\"bde-button-20-216 bde-button\">\n    \n                                    \n    \n    \n    \n    \n            \n                    \n            \n            \n\n    \n    \n    \n    \n    \n    <a class=\"breakdance-link button-atom button-atom--primary bde-button__button\" href=\"https:\/\/valbare.it\/fr\/contatti-prenotazione-ristorante\/\" target=\"_self\" data-type=\"url\"  >\n\n    \n        <span class=\"button-atom__text\">R\u00e9server<\/span>\n\n        \n        \n                <\/a>\n\n    \n\n\n<\/div>\n<\/div><\/div><\/div>\n<\/section>","protected":false},"excerpt":{"rendered":"<p>Ogni piatto racconta una storia coltivata a mano SCORRI VERSO IL BASSO Una cucina da agriturismo Vi proponiamo cibo di produzione propria che varia con le stagioni e sempre con un tocco di originalit\u00e0. Prenota ora Dalla terra al piatto Coltiviamo ed alleviamo tutto ci\u00f2 che trovi nel piatto Il nostro racconto inizia tra le [&hellip;]<\/p>","protected":false},"author":1,"featured_media":0,"parent":0,"menu_order":2,"comment_status":"closed","ping_status":"closed","template":"","meta":{"_breakdance_hide_in_design_set":false,"_breakdance_tags":"","footnotes":""},"class_list":["post-20","page","type-page","status-publish","hentry"],"aioseo_notices":[],"_links":{"self":[{"href":"https:\/\/valbare.it\/fr\/wp-json\/wp\/v2\/pages\/20","targetHints":{"allow":["GET"]}}],"collection":[{"href":"https:\/\/valbare.it\/fr\/wp-json\/wp\/v2\/pages"}],"about":[{"href":"https:\/\/valbare.it\/fr\/wp-json\/wp\/v2\/types\/page"}],"author":[{"embeddable":true,"href":"https:\/\/valbare.it\/fr\/wp-json\/wp\/v2\/users\/1"}],"replies":[{"embeddable":true,"href":"https:\/\/valbare.it\/fr\/wp-json\/wp\/v2\/comments?post=20"}],"version-history":[{"count":30,"href":"https:\/\/valbare.it\/fr\/wp-json\/wp\/v2\/pages\/20\/revisions"}],"predecessor-version":[{"id":691,"href":"https:\/\/valbare.it\/fr\/wp-json\/wp\/v2\/pages\/20\/revisions\/691"}],"wp:attachment":[{"href":"https:\/\/valbare.it\/fr\/wp-json\/wp\/v2\/media?parent=20"}],"curies":[{"name":"wp","href":"https:\/\/api.w.org\/{rel}","templated":true}]}}