{"id":19,"date":"2025-05-27T14:12:05","date_gmt":"2025-05-27T14:12:05","guid":{"rendered":"https:\/\/valbare.it\/our-story\/"},"modified":"2025-09-10T17:34:10","modified_gmt":"2025-09-10T17:34:10","slug":"cosa-fare","status":"publish","type":"page","link":"https:\/\/valbare.it\/fr\/cosa-fare\/","title":{"rendered":"Que faire"},"content":{"rendered":"<section class=\"bde-section-19-100 bde-section radial-bg__top\">\n  \n  \n\t\n\n\n\n<div class=\"section-container\"><div class=\"bde-columns-19-149 bde-columns\"><div class=\"bde-column-19-150 bde-column\">\n  \n  \n\t\n\n\n\n\n<\/div><div class=\"bde-column-19-151 bde-column\">\n  \n  \n\t\n\n\n\n<h1 class=\"bde-heading-19-101 bde-heading\">\nQue faire<br>(ici, chez nous)\n<\/h1><div class=\"bde-text-19-102 bde-text\">\nOgni giornata vissuta da noi pu\u00f2 essere un'esperienza: tra sapori autentici, natura e attivit\u00e0 all'aria aperta.<br><br>Ou bien laissez-vous simplement surprendre par ce qui surgit\u2026 naturellement.\n<\/div>\n<\/div><\/div><\/div>\n<\/section><section class=\"bde-section-19-105 bde-section\">\n              \n  \n  \n\t\n\n\n\n<div class=\"section-container\"><div class=\"bde-columns-19-308 bde-columns\"><div class=\"bde-column-19-309 bde-column\">\n  \n  \n\t\n\n\n\n<div class=\"bde-video-19-291 bde-video\">\n<div class=\"ee-video-container\">\n            <video class=\"ee-video\" src=\"https:\/\/valbare.it\/wp-content\/uploads\/2025\/06\/video_aerial.mp4\"\n               autoplay='true'                controls='true'                                                muted='true'                controlslist=\"nodownload\"                playsinline\n>\n        <\/video>\n    \n    <\/div>\n\n<\/div>\n<\/div><div class=\"bde-column-19-310 bde-column\">\n  \n  \n\t\n\n\n\n\n<\/div><\/div><\/div>\n<\/section><section class=\"bde-section-19-301 bde-section\">\n              \n  \n  \n\t\n\n\n\n<div class=\"section-container\"><div class=\"bde-columns-19-302 bde-columns\"><div class=\"bde-column-19-303 bde-column\">\n  \n  \n\t\n\n\n\n<h2 class=\"bde-heading-19-304 bde-heading\">\nD\u00e9tendez-vous, vous \u00eates en vacances\n<\/h2><div class=\"bde-text-19-305 bde-text\">\nRespirez doucement. <br><br>Les collines vous apprennent \u00e0 ralentir : lire \u00e0 l\u2019ombre de la pergola, faire une sieste dans le jardin ou simplement\u2026 \u00eatre l\u00e0. <br><br>Vous n\u2019avez rien \u00e0 faire \u2014 mais tout est possible.\nApr\u00e8s tout, vous \u00eates en vacances.\n<\/div>\n<\/div><div class=\"bde-column-19-306 bde-column\">\n  \n  \n\t\n\n\n\n<div class=\"bde-image-19-307 bde-image\">\n<figure class=\"breakdance-image breakdance-image--147\">\n\t<div class=\"breakdance-image-container\">\n\t\t<div class=\"breakdance-image-clip\"><img loading=\"lazy\" decoding=\"async\" class=\"breakdance-image-object\" src=\"https:\/\/valbare.it\/wp-content\/uploads\/2025\/06\/agriturismo-relax-002.webp\" width=\"1600\" height=\"1067\" srcset=\"https:\/\/valbare.it\/wp-content\/uploads\/2025\/06\/agriturismo-relax-002.webp 1600w, https:\/\/valbare.it\/wp-content\/uploads\/2025\/06\/agriturismo-relax-002-300x200.webp 300w, https:\/\/valbare.it\/wp-content\/uploads\/2025\/06\/agriturismo-relax-002-1024x683.webp 1024w, https:\/\/valbare.it\/wp-content\/uploads\/2025\/06\/agriturismo-relax-002-768x512.webp 768w, https:\/\/valbare.it\/wp-content\/uploads\/2025\/06\/agriturismo-relax-002-1536x1024.webp 1536w\" sizes=\"auto, (max-width: 1600px) 100vw, 1600px\"><\/div>\n\t<\/div><\/figure>\n\n<\/div>\n<\/div><\/div><\/div>\n<\/section><section class=\"bde-section-19-112 bde-section\">\n              \n  \n  \n\t\n\n\n\n<div class=\"section-container\"><div class=\"bde-columns-19-114 bde-columns\"><div class=\"bde-column-19-115 bde-column\">\n  \n  \n\t\n\n\n\n<div class=\"bde-image-19-117 bde-image\">\n<figure class=\"breakdance-image breakdance-image--144\">\n\t<div class=\"breakdance-image-container\">\n\t\t<div class=\"breakdance-image-clip\"><img loading=\"lazy\" decoding=\"async\" class=\"breakdance-image-object\" src=\"https:\/\/valbare.it\/wp-content\/uploads\/2025\/06\/ristorante-piatto-010.webp\" width=\"1066\" height=\"1600\" srcset=\"https:\/\/valbare.it\/wp-content\/uploads\/2025\/06\/ristorante-piatto-010.webp 1066w, https:\/\/valbare.it\/wp-content\/uploads\/2025\/06\/ristorante-piatto-010-200x300.webp 200w, https:\/\/valbare.it\/wp-content\/uploads\/2025\/06\/ristorante-piatto-010-682x1024.webp 682w, https:\/\/valbare.it\/wp-content\/uploads\/2025\/06\/ristorante-piatto-010-768x1153.webp 768w, https:\/\/valbare.it\/wp-content\/uploads\/2025\/06\/ristorante-piatto-010-1023x1536.webp 1023w\" sizes=\"auto, (max-width: 1066px) 100vw, 1066px\"><\/div>\n\t<\/div><\/figure>\n\n<\/div>\n<\/div><div class=\"bde-column-19-153 bde-column\">\n  \n  \n\t\n\n\n\n<div class=\"bde-image-19-154 bde-image\">\n<figure class=\"breakdance-image breakdance-image--143\">\n\t<div class=\"breakdance-image-container\">\n\t\t<div class=\"breakdance-image-clip\"><img loading=\"lazy\" decoding=\"async\" class=\"breakdance-image-object\" src=\"https:\/\/valbare.it\/wp-content\/uploads\/2025\/06\/ristorante-piatto-011.webp\" width=\"1067\" height=\"1600\" srcset=\"https:\/\/valbare.it\/wp-content\/uploads\/2025\/06\/ristorante-piatto-011.webp 1067w, https:\/\/valbare.it\/wp-content\/uploads\/2025\/06\/ristorante-piatto-011-200x300.webp 200w, https:\/\/valbare.it\/wp-content\/uploads\/2025\/06\/ristorante-piatto-011-683x1024.webp 683w, https:\/\/valbare.it\/wp-content\/uploads\/2025\/06\/ristorante-piatto-011-768x1152.webp 768w, https:\/\/valbare.it\/wp-content\/uploads\/2025\/06\/ristorante-piatto-011-1024x1536.webp 1024w\" sizes=\"auto, (max-width: 1067px) 100vw, 1067px\"><\/div>\n\t<\/div><\/figure>\n\n<\/div>\n<\/div><div class=\"bde-column-19-116 bde-column\">\n  \n  \n\t\n\n\n\n<h2 class=\"bde-heading-19-118 bde-heading\">\nLa cuisine\n<\/h2><div class=\"bde-text-19-119 bde-text\">\nDe la terre \u00e0 la table, chaque plat raconte une histoire faite de saisons, d\u2019ingr\u00e9dients vrais et de gestes ma\u00eetris\u00e9s.\n\n\u00c0 midi comme le soir, laissez-vous guider par la cuisine de Monica : authentique, cr\u00e9ative et sans chichis.\n\nTout simplement\u2026 comme nous.\n<\/div><div class=\"bde-button-19-120 bde-button\">\n    \n                                    \n    \n    \n    \n    \n            \n                    \n            \n            \n\n    \n    \n    \n    \n    \n    <a class=\"breakdance-link button-atom button-atom--primary bde-button__button\" href=\"https:\/\/valbare.it\/fr\/contatti-prenotazione-ristorante\/\" target=\"_self\" data-type=\"url\"  >\n\n    \n        <span class=\"button-atom__text\">R\u00e9server une table<\/span>\n\n        \n        \n                <\/a>\n\n    \n\n\n<\/div>\n<\/div><\/div><\/div>\n<\/section><section class=\"bde-section-19-181 bde-section\">\n              \n  \n  \n\t\n\n\n\n<div class=\"section-container\"><div class=\"bde-columns-19-182 bde-columns\"><div class=\"bde-column-19-187 bde-column\">\n  \n  \n\t\n\n\n\n<h2 class=\"bde-heading-19-188 bde-heading\">\nBalades &amp; e-bike\n<\/h2><div class=\"bde-text-19-189 bde-text\">\n\u00c0 travers bois, sentiers et collines, chaque promenade offre des paysages et des silences \u00e0 emporter avec soi. <br><br>Nous vous aidons \u00e0 choisir la sortie qui vous correspond \u2014 de la balade douce \u00e0 la journ\u00e9e inoubliable.\n<\/div><div class=\"bde-button-19-191 bde-button\">\n    \n                                    \n    \n    \n    \n    \n            \n                    \n            \n            \n\n    \n    \n    \n    \n    \n    <a class=\"breakdance-link button-atom button-atom--primary bde-button__button\" href=\"https:\/\/valbare.it\/fr\/contatti\/\" target=\"_self\" data-type=\"url\"  >\n\n    \n        <span class=\"button-atom__text\">R\u00e9server une excursion<\/span>\n\n        \n        \n                <\/a>\n\n    \n\n\n<\/div>\n<\/div><div class=\"bde-column-19-183 bde-column\">\n  \n  \n\t\n\n\n\n<div class=\"bde-image-19-184 bde-image\">\n<figure class=\"breakdance-image breakdance-image--155\">\n\t<div class=\"breakdance-image-container\">\n\t\t<div class=\"breakdance-image-clip\"><img loading=\"lazy\" decoding=\"async\" class=\"breakdance-image-object\" src=\"https:\/\/valbare.it\/wp-content\/uploads\/2025\/06\/valbare-escursioni-001.webp\" width=\"1200\" height=\"1600\" srcset=\"https:\/\/valbare.it\/wp-content\/uploads\/2025\/06\/valbare-escursioni-001.webp 1200w, https:\/\/valbare.it\/wp-content\/uploads\/2025\/06\/valbare-escursioni-001-225x300.webp 225w, https:\/\/valbare.it\/wp-content\/uploads\/2025\/06\/valbare-escursioni-001-768x1024.webp 768w, https:\/\/valbare.it\/wp-content\/uploads\/2025\/06\/valbare-escursioni-001-1152x1536.webp 1152w\" sizes=\"auto, (max-width: 1200px) 100vw, 1200px\"><\/div>\n\t<\/div><\/figure>\n\n<\/div>\n<\/div><div class=\"bde-column-19-185 bde-column\">\n  \n  \n\t\n\n\n\n<div class=\"bde-image-19-186 bde-image\">\n<figure class=\"breakdance-image breakdance-image--156\">\n\t<div class=\"breakdance-image-container\">\n\t\t<div class=\"breakdance-image-clip\"><img loading=\"lazy\" decoding=\"async\" class=\"breakdance-image-object\" src=\"https:\/\/valbare.it\/wp-content\/uploads\/2025\/06\/valbare-escursioni-002.webp\" width=\"1600\" height=\"1200\" srcset=\"https:\/\/valbare.it\/wp-content\/uploads\/2025\/06\/valbare-escursioni-002.webp 1600w, https:\/\/valbare.it\/wp-content\/uploads\/2025\/06\/valbare-escursioni-002-300x225.webp 300w, https:\/\/valbare.it\/wp-content\/uploads\/2025\/06\/valbare-escursioni-002-1024x768.webp 1024w, https:\/\/valbare.it\/wp-content\/uploads\/2025\/06\/valbare-escursioni-002-768x576.webp 768w, https:\/\/valbare.it\/wp-content\/uploads\/2025\/06\/valbare-escursioni-002-1536x1152.webp 1536w\" sizes=\"auto, (max-width: 1600px) 100vw, 1600px\"><\/div>\n\t<\/div><\/figure>\n\n<\/div>\n<\/div><\/div><\/div>\n<\/section><section class=\"bde-section-19-163 bde-section\">\n              \n  \n  \n\t\n\n\n\n<div class=\"section-container\"><div class=\"bde-columns-19-164 bde-columns\"><div class=\"bde-column-19-165 bde-column\">\n  \n  \n\t\n\n\n\n<div class=\"bde-image-19-166 bde-image\">\n<figure class=\"breakdance-image breakdance-image--158\">\n\t<div class=\"breakdance-image-container\">\n\t\t<div class=\"breakdance-image-clip\"><img loading=\"lazy\" decoding=\"async\" class=\"breakdance-image-object\" src=\"https:\/\/valbare.it\/wp-content\/uploads\/2025\/06\/valbare-maneggio-001.webp\" width=\"1600\" height=\"1069\" srcset=\"https:\/\/valbare.it\/wp-content\/uploads\/2025\/06\/valbare-maneggio-001.webp 1600w, https:\/\/valbare.it\/wp-content\/uploads\/2025\/06\/valbare-maneggio-001-300x200.webp 300w, https:\/\/valbare.it\/wp-content\/uploads\/2025\/06\/valbare-maneggio-001-1024x684.webp 1024w, https:\/\/valbare.it\/wp-content\/uploads\/2025\/06\/valbare-maneggio-001-768x513.webp 768w, https:\/\/valbare.it\/wp-content\/uploads\/2025\/06\/valbare-maneggio-001-1536x1026.webp 1536w\" sizes=\"auto, (max-width: 1600px) 100vw, 1600px\"><\/div>\n\t<\/div><\/figure>\n\n<\/div>\n<\/div><div class=\"bde-column-19-169 bde-column\">\n  \n  \n\t\n\n\n\n<h2 class=\"bde-heading-19-170 bde-heading\">\nCentre \u00e9questre\n<\/h2><div class=\"bde-text-19-171 bde-text\">\nDepuis ValBar\u00e8, vivez une premi\u00e8re approche du cheval, respectueuse et naturelle \u2014 m\u00eame pour les plus petits.\nUn contact simple, vrai, au rythme de la nature.\n<\/div><div class=\"bde-button-19-172 bde-button\">\n    \n                                    \n    \n    \n    \n    \n            \n                    \n            \n            \n\n    \n    \n    \n    \n    \n    <a class=\"breakdance-link button-atom button-atom--primary bde-button__button\" href=\"https:\/\/www.facebook.com\/profile.php?id=61552525997869\" target=\"_blank\" data-type=\"url\"  >\n\n    \n        <span class=\"button-atom__text\">R\u00e9server une promenade \u00e0 cheval<\/span>\n\n        \n        \n                <\/a>\n\n    \n\n\n<\/div>\n<\/div><\/div><\/div>\n<\/section><section class=\"bde-section-19-192 bde-section\">\n              \n  \n  \n\t\n\n\n\n<div class=\"section-container\"><div class=\"bde-columns-19-193 bde-columns\"><div class=\"bde-column-19-194 bde-column\">\n  \n  \n\t\n\n\n\n<h2 class=\"bde-heading-19-195 bde-heading\">\nLa vie \u00e0 la ferme\n<\/h2><div class=\"bde-text-19-196 bde-text\">\nChaque saison a son propre rythme \u2014 et ici, vous pouvez le vivre de pr\u00e8s : semer, r\u00e9colter, nourrir les animaux\u2026 ou simplement observer.\n\nUne exp\u00e9rience pour ceux qui souhaitent red\u00e9couvrir la richesse d\u2019une vie simple et authentique.\n<\/div>\n<\/div><div class=\"bde-column-19-198 bde-column\">\n  \n  \n\t\n\n\n\n<div class=\"bde-image-19-199 bde-image\">\n<figure class=\"breakdance-image breakdance-image--162\">\n\t<div class=\"breakdance-image-container\">\n\t\t<div class=\"breakdance-image-clip\"><img loading=\"lazy\" decoding=\"async\" class=\"breakdance-image-object\" src=\"https:\/\/valbare.it\/wp-content\/uploads\/2025\/06\/valbare-quotidiano-002.webp\" width=\"1200\" height=\"1600\" srcset=\"https:\/\/valbare.it\/wp-content\/uploads\/2025\/06\/valbare-quotidiano-002.webp 1200w, https:\/\/valbare.it\/wp-content\/uploads\/2025\/06\/valbare-quotidiano-002-225x300.webp 225w, https:\/\/valbare.it\/wp-content\/uploads\/2025\/06\/valbare-quotidiano-002-768x1024.webp 768w, https:\/\/valbare.it\/wp-content\/uploads\/2025\/06\/valbare-quotidiano-002-1152x1536.webp 1152w\" sizes=\"auto, (max-width: 1200px) 100vw, 1200px\"><\/div>\n\t<\/div><\/figure>\n\n<\/div>\n<\/div><div class=\"bde-column-19-200 bde-column\">\n  \n  \n\t\n\n\n\n<div class=\"bde-image-19-201 bde-image\">\n<figure class=\"breakdance-image breakdance-image--159\">\n\t<div class=\"breakdance-image-container\">\n\t\t<div class=\"breakdance-image-clip\"><img loading=\"lazy\" decoding=\"async\" class=\"breakdance-image-object\" src=\"https:\/\/valbare.it\/wp-content\/uploads\/2025\/06\/valbare-quotidiano-005.webp\" width=\"1200\" height=\"1600\" srcset=\"https:\/\/valbare.it\/wp-content\/uploads\/2025\/06\/valbare-quotidiano-005.webp 1200w, https:\/\/valbare.it\/wp-content\/uploads\/2025\/06\/valbare-quotidiano-005-225x300.webp 225w, https:\/\/valbare.it\/wp-content\/uploads\/2025\/06\/valbare-quotidiano-005-768x1024.webp 768w, https:\/\/valbare.it\/wp-content\/uploads\/2025\/06\/valbare-quotidiano-005-1152x1536.webp 1152w\" sizes=\"auto, (max-width: 1200px) 100vw, 1200px\"><\/div>\n\t<\/div><\/figure>\n\n<\/div>\n<\/div><\/div><\/div>\n<\/section>","protected":false},"excerpt":{"rendered":"<p>Cosa fare(qui da noi) Ogni giornata vissuta da noi pu\u00f2 essere un&#8217;esperienza: tra sapori autentici, natura e attivit\u00e0 all&#8217;aria aperta.Oppure lasciati sorprendere da ci\u00f2 che accade spontaneamente. Rilassati, sei in ferie Respira piano. Le colline ti insegnano a rallentare: puoi leggere all\u2019ombra del pergolato, sonnecchiare in giardino o semplicemente stare. Non devi fare nulla, ma [&hellip;]<\/p>","protected":false},"author":1,"featured_media":0,"parent":0,"menu_order":8,"comment_status":"closed","ping_status":"closed","template":"","meta":{"_breakdance_hide_in_design_set":false,"_breakdance_tags":"","footnotes":""},"class_list":["post-19","page","type-page","status-publish","hentry"],"aioseo_notices":[],"_links":{"self":[{"href":"https:\/\/valbare.it\/fr\/wp-json\/wp\/v2\/pages\/19","targetHints":{"allow":["GET"]}}],"collection":[{"href":"https:\/\/valbare.it\/fr\/wp-json\/wp\/v2\/pages"}],"about":[{"href":"https:\/\/valbare.it\/fr\/wp-json\/wp\/v2\/types\/page"}],"author":[{"embeddable":true,"href":"https:\/\/valbare.it\/fr\/wp-json\/wp\/v2\/users\/1"}],"replies":[{"embeddable":true,"href":"https:\/\/valbare.it\/fr\/wp-json\/wp\/v2\/comments?post=19"}],"version-history":[{"count":29,"href":"https:\/\/valbare.it\/fr\/wp-json\/wp\/v2\/pages\/19\/revisions"}],"predecessor-version":[{"id":688,"href":"https:\/\/valbare.it\/fr\/wp-json\/wp\/v2\/pages\/19\/revisions\/688"}],"wp:attachment":[{"href":"https:\/\/valbare.it\/fr\/wp-json\/wp\/v2\/media?parent=19"}],"curies":[{"name":"wp","href":"https:\/\/api.w.org\/{rel}","templated":true}]}}